{"id":1717,"date":"2020-07-16T12:35:54","date_gmt":"2020-07-16T10:35:54","guid":{"rendered":"https:\/\/marciorsrl.com\/produkte\/doppelboden\/"},"modified":"2023-08-24T16:01:04","modified_gmt":"2023-08-24T14:01:04","slug":"doppelboden","status":"publish","type":"page","link":"https:\/\/marciorsrl.com\/de\/produkte\/doppelboden\/","title":{"rendered":"Doppelte Ebene"},"content":{"rendered":"\t\t<div data-elementor-type=\"wp-post\" data-elementor-id=\"1717\" class=\"elementor elementor-1717 elementor-405\" data-elementor-post-type=\"page\">\n\t\t\t\t\t\t<section class=\"elementor-section elementor-top-section elementor-element elementor-element-64c8e91 elementor-section-full_width elementor-section-stretched elementor-section-height-default elementor-section-height-default\" data-id=\"64c8e91\" data-element_type=\"section\" data-e-type=\"section\" data-settings=\"{&quot;background_background&quot;:&quot;classic&quot;,&quot;stretch_section&quot;:&quot;section-stretched&quot;}\">\n\t\t\t\t\t\t\t<div class=\"elementor-background-overlay\"><\/div>\n\t\t\t\t\t\t\t<div class=\"elementor-container elementor-column-gap-default\">\n\t\t\t\t\t<div class=\"elementor-column elementor-col-100 elementor-top-column elementor-element elementor-element-6bc61ba elementor-invisible\" data-id=\"6bc61ba\" data-element_type=\"column\" data-e-type=\"column\" data-settings=\"{&quot;animation&quot;:&quot;slideInUp&quot;}\">\n\t\t\t<div class=\"elementor-widget-wrap elementor-element-populated\">\n\t\t\t\t\t\t<div class=\"elementor-element elementor-element-9af957b elementor-widget elementor-widget-heading\" data-id=\"9af957b\" data-element_type=\"widget\" data-e-type=\"widget\" data-settings=\"{&quot;_animation&quot;:&quot;none&quot;}\" data-widget_type=\"heading.default\">\n\t\t\t\t<div class=\"elementor-widget-container\">\n\t\t\t\t\t<h1 class=\"elementor-heading-title elementor-size-default\">Doppelte Ebene-LKW-Setup - Industrielle Karosserie<\/h1>\t\t\t\t<\/div>\n\t\t\t\t<\/div>\n\t\t\t\t\t<\/div>\n\t\t<\/div>\n\t\t\t\t\t<\/div>\n\t\t<\/section>\n\t\t\t\t<section class=\"elementor-section elementor-top-section elementor-element elementor-element-5f6e497 elementor-section-boxed elementor-section-height-default elementor-section-height-default\" data-id=\"5f6e497\" data-element_type=\"section\" data-e-type=\"section\" data-settings=\"{&quot;background_background&quot;:&quot;classic&quot;}\">\n\t\t\t\t\t\t<div class=\"elementor-container elementor-column-gap-default\">\n\t\t\t\t\t<div class=\"elementor-column elementor-col-50 elementor-top-column elementor-element elementor-element-7ca3881 elementor-invisible\" data-id=\"7ca3881\" data-element_type=\"column\" data-e-type=\"column\" data-settings=\"{&quot;animation&quot;:&quot;slideInUp&quot;}\">\n\t\t\t<div class=\"elementor-widget-wrap elementor-element-populated\">\n\t\t\t\t\t\t<div class=\"elementor-element elementor-element-0633820 elementor-widget elementor-widget-heading\" data-id=\"0633820\" data-element_type=\"widget\" data-e-type=\"widget\" data-widget_type=\"heading.default\">\n\t\t\t\t<div class=\"elementor-widget-container\">\n\t\t\t\t\t<h2 class=\"elementor-heading-title elementor-size-default\"> Der Komfort von LKW mit doppelte Ebene<\/h2>\t\t\t\t<\/div>\n\t\t\t\t<\/div>\n\t\t\t\t<div class=\"elementor-element elementor-element-06d9375 elementor-widget elementor-widget-text-editor\" data-id=\"06d9375\" data-element_type=\"widget\" data-e-type=\"widget\" data-widget_type=\"text-editor.default\">\n\t\t\t\t<div class=\"elementor-widget-container\">\n\t\t\t\t\t\t\t\t\tDie Verwendung von LKW mit doppelte Ebene (double deck auf Englisch) ist die beste L\u00f6sung f\u00fcr diejenigen, die nicht genutzten vertikalen Raum wiederherstellen m\u00f6chten.\r\nDurch die Installation dieser Etage erhalten Sie einen zweiten Bereich, in dem Sie zus\u00e4tzliche Paletten laden k\u00f6nnen, ohne dass diese direkt auf der unteren Etage ruhen.\r\nEine weitere Annehmlichkeit ist die Tatsache, dass sie, da sie auf festen seitlichen S\u00e4ulen abgest\u00fctzt ist, mittels eines elektrischen Systems je nach Bedarf angehoben und abgesenkt werden kann.\r\nDank dieses Systems ist es m\u00f6glich, selbst die zerbrechlichsten und leichtesten Lasten zu \u00fcberlappen und gleichzeitig ihre Sicherheit zu gew\u00e4hrleisten, indem sie getrennt gehalten werden.\r\n\r\nWenn Sie an der Errichtung eines Doppelbodens f\u00fcr Ihren LKW oder Ihr Industriefahrzeug interessiert sind, <a href=\"https:\/\/marciorsrl.com\/contatti\/\">kontaktieren<\/a> Sie uns direkt unter unseren Kontaktsdaten.\t\t\t\t\t\t\t\t<\/div>\n\t\t\t\t<\/div>\n\t\t\t\t<div class=\"elementor-element elementor-element-e404ed2 elementor-align-left elementor-widget elementor-widget-button\" data-id=\"e404ed2\" data-element_type=\"widget\" data-e-type=\"widget\" data-widget_type=\"button.default\">\n\t\t\t\t<div class=\"elementor-widget-container\">\n\t\t\t\t\t\t\t\t\t<div class=\"elementor-button-wrapper\">\n\t\t\t\t\t<a class=\"elementor-button elementor-button-link elementor-size-md elementor-animation-grow\" href=\"https:\/\/marciorsrl.com\/de\/kontakte\/\">\n\t\t\t\t\t\t<span class=\"elementor-button-content-wrapper\">\n\t\t\t\t\t\t\t\t\t<span class=\"elementor-button-text\">Fordern Sie ein Angebot an<\/span>\n\t\t\t\t\t<\/span>\n\t\t\t\t\t<\/a>\n\t\t\t\t<\/div>\n\t\t\t\t\t\t\t\t<\/div>\n\t\t\t\t<\/div>\n\t\t\t\t\t<\/div>\n\t\t<\/div>\n\t\t\t\t<div class=\"elementor-column elementor-col-50 elementor-top-column elementor-element elementor-element-a6f72f6 elementor-invisible\" data-id=\"a6f72f6\" data-element_type=\"column\" data-e-type=\"column\" data-settings=\"{&quot;animation&quot;:&quot;slideInUp&quot;,&quot;animation_delay&quot;:250}\">\n\t\t\t<div class=\"elementor-widget-wrap elementor-element-populated\">\n\t\t\t\t\t\t<div class=\"elementor-element elementor-element-93ff656 elementor-align-left elementor-mobile-align-center elementor-widget elementor-widget-breadcrumbs\" data-id=\"93ff656\" data-element_type=\"widget\" data-e-type=\"widget\" data-widget_type=\"breadcrumbs.default\">\n\t\t\t\t<div class=\"elementor-widget-container\">\n\t\t\t\t\t<p id=\"breadcrumbs\"><span><span><a href=\"https:\/\/marciorsrl.com\/de\/\">Home<\/a><\/span><\/span><\/p>\t\t\t\t<\/div>\n\t\t\t\t<\/div>\n\t\t\t\t<div class=\"elementor-element elementor-element-2fc4c50 elementor-arrows-position-inside elementor-pagination-position-outside elementor-widget elementor-widget-image-carousel\" data-id=\"2fc4c50\" data-element_type=\"widget\" data-e-type=\"widget\" data-settings=\"{&quot;slides_to_show&quot;:&quot;1&quot;,&quot;navigation&quot;:&quot;both&quot;,&quot;autoplay&quot;:&quot;yes&quot;,&quot;pause_on_hover&quot;:&quot;yes&quot;,&quot;pause_on_interaction&quot;:&quot;yes&quot;,&quot;autoplay_speed&quot;:5000,&quot;infinite&quot;:&quot;yes&quot;,&quot;effect&quot;:&quot;slide&quot;,&quot;speed&quot;:500}\" data-widget_type=\"image-carousel.default\">\n\t\t\t\t<div class=\"elementor-widget-container\">\n\t\t\t\t\t\t\t<div class=\"elementor-image-carousel-wrapper swiper\" role=\"region\" aria-roledescription=\"carousel\" aria-label=\"Bild Karussell\" dir=\"ltr\">\n\t\t\t<div class=\"elementor-image-carousel swiper-wrapper\" aria-live=\"off\">\n\t\t\t\t\t\t\t\t<div class=\"swiper-slide\" role=\"group\" aria-roledescription=\"slide\" aria-label=\"1 von 1\"><a data-elementor-open-lightbox=\"yes\" data-elementor-lightbox-slideshow=\"2fc4c50\" data-elementor-lightbox-title=\"Doppelte Ebene-LKWs. Doppelbodenkonstruktion f\u00fcr LKW oder Nutzfahzeugen\" data-e-action-hash=\"#elementor-action%3Aaction%3Dlightbox%26settings%3DeyJpZCI6MTY0OCwidXJsIjoiaHR0cHM6XC9cL21hcmNpb3JzcmwuY29tXC93cC1jb250ZW50XC91cGxvYWRzXC8yMDE4XC8xMVwvMjAxNDA0MThfMTczNTA5LmpwZyIsInNsaWRlc2hvdyI6IjJmYzRjNTAifQ%3D%3D\" href=\"https:\/\/marciorsrl.com\/wp-content\/uploads\/2018\/11\/20140418_173509.jpg\"><figure class=\"swiper-slide-inner\"><img decoding=\"async\" class=\"swiper-slide-image\" src=\"https:\/\/marciorsrl.com\/wp-content\/uploads\/elementor\/thumbs\/20140418_173509-qbwqighnu11xw9ojwjsqfqykezmqby5muqc67lwo8c.jpg\" alt=\"Doppelte Ebene-LKWs. Doppelbodenkonstruktion f\u00fcr LKW oder Nutzfahzeugen\" \/><\/figure><\/a><\/div>\t\t\t<\/div>\n\t\t\t\t\t<\/div>\n\t\t\t\t\t\t<\/div>\n\t\t\t\t<\/div>\n\t\t\t\t\t<\/div>\n\t\t<\/div>\n\t\t\t\t\t<\/div>\n\t\t<\/section>\n\t\t\t\t<section class=\"elementor-section elementor-top-section elementor-element elementor-element-3d7819b elementor-section-boxed elementor-section-height-default elementor-section-height-default\" data-id=\"3d7819b\" data-element_type=\"section\" data-e-type=\"section\">\n\t\t\t\t\t\t<div class=\"elementor-container elementor-column-gap-default\">\n\t\t\t\t\t<div class=\"elementor-column elementor-col-100 elementor-top-column elementor-element elementor-element-0986682\" data-id=\"0986682\" data-element_type=\"column\" data-e-type=\"column\">\n\t\t\t<div class=\"elementor-widget-wrap elementor-element-populated\">\n\t\t\t\t\t\t<div class=\"elementor-element elementor-element-61f012f8 elementor-widget elementor-widget-heading\" data-id=\"61f012f8\" data-element_type=\"widget\" data-e-type=\"widget\" data-widget_type=\"heading.default\">\n\t\t\t\t<div class=\"elementor-widget-container\">\n\t\t\t\t\t<h3 class=\"elementor-heading-title elementor-size-default\">Erfahren Sie mehr \u00fcber Marcior - Einrichtungen der Nutzfahzeugen<\/h3>\t\t\t\t<\/div>\n\t\t\t\t<\/div>\n\t\t\t\t<div class=\"elementor-element elementor-element-692e2d4b elementor-widget elementor-widget-text-editor\" data-id=\"692e2d4b\" data-element_type=\"widget\" data-e-type=\"widget\" data-widget_type=\"text-editor.default\">\n\t\t\t\t<div class=\"elementor-widget-container\">\n\t\t\t\t\t\t\t\t\t<p>Vertrauen Sie Marcior srl von Villafranca di Verona und seiner 30-j\u00e4hrigen Erfahrung in der industriellen Karosserie.<br \/>\nWir k\u00fcmmern uns um die Montage Ihrer LKW- oder Industriefahrzeugrippen. Wir erstellen ma\u00dfgeschneiderte automatisierte D\u00e4cher f\u00fcr Halterungen, Schaufehlen, Lieferwagen und mehr. Alles nach Kundenwunsch gefertigt.<\/p>\n<p>Wir informieren Sie auch dar\u00fcber, dass Marcior Srl &#8211; mit Hauptsitz in der Via Francia, 41 &#8211; 37069 Villafranca di Verona &#8211; Ihnen gerne mitteilt, dass es ab dem 01.10.2008 die EN 12642-XL | h\u00e4lt XL-Zertifizierung f\u00fcr 5 verschiedene Arten von festen und verstellbaren Rippen. Erfahren Sie mehr \u00fcber die <a href=\"https:\/\/marciorsrl.com\/certificazione-xl\/\">XL-Zertifizierung<\/a>.<\/p>\n<p>Entdecken Sie alle <a href=\"https:\/\/marciorsrl.com\/prodotti\/\">unsere Produkte<\/a>, um alle anderen von uns angebotenen Dienstleistungen zu sehen, oder besuchen Sie unsere <a href=\"https:\/\/www.youtube.com\/channel\/UCCM_dMCRkrHtcF-8YKCsxrw\">YouTube-Seite<\/a>, um Videos unserer Umsetzungen anzusehen.<\/p>\n\t\t\t\t\t\t\t\t<\/div>\n\t\t\t\t<\/div>\n\t\t\t\t\t<\/div>\n\t\t<\/div>\n\t\t\t\t\t<\/div>\n\t\t<\/section>\n\t\t\t\t<\/div>\n\t\t","protected":false},"excerpt":{"rendered":"<p>Doppelte Ebene-LKW-Setup &#8211; Industrielle Karosserie Der Komfort von LKW mit doppelte Ebene Die Verwendung von LKW mit doppelte Ebene (double deck auf Englisch) ist die beste L\u00f6sung f\u00fcr diejenigen, die nicht genutzten vertikalen Raum wiederherstellen m\u00f6chten. Durch die Installation dieser Etage erhalten Sie einen zweiten Bereich, in dem Sie zus\u00e4tzliche Paletten laden k\u00f6nnen, ohne dass [&hellip;]<\/p>\n","protected":false},"author":1,"featured_media":1648,"parent":1709,"menu_order":0,"comment_status":"closed","ping_status":"closed","template":"","meta":{"footnotes":""},"class_list":["post-1717","page","type-page","status-publish","has-post-thumbnail","hentry"],"yoast_head":"<!-- This site is optimized with the Yoast SEO plugin v27.0 - https:\/\/yoast.com\/product\/yoast-seo-wordpress\/ -->\n<title>Doppelte Ebene -LKWs - Anh\u00e4nger mit doppelte Ebbene - Marcior Srl<\/title>\n<meta name=\"description\" content=\"Doppelte Ebene -LKWs - Anh\u00e4nger mit zwei Ebene- Realisierung von doppelte Ebene-LKWs, Anh\u00e4ngern und Zwei Ebene-Sattelanh\u00e4nger mit XL-Zertifizierung.\" \/>\n<meta name=\"robots\" content=\"index, follow, max-snippet:-1, max-image-preview:large, max-video-preview:-1\" \/>\n<link rel=\"canonical\" href=\"https:\/\/marciorsrl.com\/de\/produkte\/doppelboden\/\" \/>\n<meta property=\"og:locale\" content=\"de_DE\" \/>\n<meta property=\"og:type\" content=\"article\" \/>\n<meta property=\"og:title\" content=\"Doppelte Ebene -LKWs - Anh\u00e4nger mit doppelte Ebbene - Marcior Srl\" \/>\n<meta property=\"og:description\" content=\"Doppelte Ebene -LKWs - Anh\u00e4nger mit zwei Ebene- Realisierung von doppelte Ebene-LKWs, Anh\u00e4ngern und Zwei Ebene-Sattelanh\u00e4nger mit XL-Zertifizierung.\" \/>\n<meta property=\"og:url\" content=\"https:\/\/marciorsrl.com\/de\/produkte\/doppelboden\/\" \/>\n<meta property=\"og:site_name\" content=\"Marcior Srl\" \/>\n<meta property=\"article:modified_time\" content=\"2023-08-24T14:01:04+00:00\" \/>\n<meta property=\"og:image\" content=\"https:\/\/marciorsrl.com\/wp-content\/uploads\/2018\/11\/20140418_173509.jpg\" \/>\n\t<meta property=\"og:image:width\" content=\"1280\" \/>\n\t<meta property=\"og:image:height\" content=\"720\" \/>\n\t<meta property=\"og:image:type\" content=\"image\/jpeg\" \/>\n<meta name=\"twitter:card\" content=\"summary_large_image\" \/>\n<meta name=\"twitter:label1\" content=\"Gesch\u00e4tzte Lesezeit\" \/>\n\t<meta name=\"twitter:data1\" content=\"1\u00a0Minute\" \/>\n<script type=\"application\/ld+json\" class=\"yoast-schema-graph\">{\"@context\":\"https:\/\/schema.org\",\"@graph\":[{\"@type\":\"WebPage\",\"@id\":\"https:\/\/marciorsrl.com\/de\/produkte\/doppelboden\/\",\"url\":\"https:\/\/marciorsrl.com\/de\/produkte\/doppelboden\/\",\"name\":\"Doppelte Ebene -LKWs - Anh\u00e4nger mit doppelte Ebbene - Marcior Srl\",\"isPartOf\":{\"@id\":\"https:\/\/marciorsrl.com\/de\/#website\"},\"primaryImageOfPage\":{\"@id\":\"https:\/\/marciorsrl.com\/de\/produkte\/doppelboden\/#primaryimage\"},\"image\":{\"@id\":\"https:\/\/marciorsrl.com\/de\/produkte\/doppelboden\/#primaryimage\"},\"thumbnailUrl\":\"https:\/\/marciorsrl.com\/wp-content\/uploads\/2018\/11\/20140418_173509.jpg\",\"datePublished\":\"2020-07-16T10:35:54+00:00\",\"dateModified\":\"2023-08-24T14:01:04+00:00\",\"description\":\"Doppelte Ebene -LKWs - Anh\u00e4nger mit zwei Ebene- Realisierung von doppelte Ebene-LKWs, Anh\u00e4ngern und Zwei Ebene-Sattelanh\u00e4nger mit XL-Zertifizierung.\",\"breadcrumb\":{\"@id\":\"https:\/\/marciorsrl.com\/de\/produkte\/doppelboden\/#breadcrumb\"},\"inLanguage\":\"de\",\"potentialAction\":[{\"@type\":\"ReadAction\",\"target\":[\"https:\/\/marciorsrl.com\/de\/produkte\/doppelboden\/\"]}]},{\"@type\":\"ImageObject\",\"inLanguage\":\"de\",\"@id\":\"https:\/\/marciorsrl.com\/de\/produkte\/doppelboden\/#primaryimage\",\"url\":\"https:\/\/marciorsrl.com\/wp-content\/uploads\/2018\/11\/20140418_173509.jpg\",\"contentUrl\":\"https:\/\/marciorsrl.com\/wp-content\/uploads\/2018\/11\/20140418_173509.jpg\",\"width\":1280,\"height\":720,\"caption\":\"Doppelte Ebene-LKWs. Doppelbodenkonstruktion f\u00fcr LKW oder Nutzfahzeugen\"},{\"@type\":\"BreadcrumbList\",\"@id\":\"https:\/\/marciorsrl.com\/de\/produkte\/doppelboden\/#breadcrumb\",\"itemListElement\":[{\"@type\":\"ListItem\",\"position\":1,\"name\":\"Home\",\"item\":\"https:\/\/marciorsrl.com\/de\/\"},{\"@type\":\"ListItem\",\"position\":2,\"name\":\"Produkte\",\"item\":\"https:\/\/marciorsrl.com\/de\/prodotti\/\"},{\"@type\":\"ListItem\",\"position\":3,\"name\":\"Doppelte Ebene\"}]},{\"@type\":\"WebSite\",\"@id\":\"https:\/\/marciorsrl.com\/de\/#website\",\"url\":\"https:\/\/marciorsrl.com\/de\/\",\"name\":\"Marcior Srl\",\"description\":\"Carrozzeria industriale - Allestimenti camion e veicoli industriali\",\"publisher\":{\"@id\":\"https:\/\/marciorsrl.com\/de\/#organization\"},\"potentialAction\":[{\"@type\":\"SearchAction\",\"target\":{\"@type\":\"EntryPoint\",\"urlTemplate\":\"https:\/\/marciorsrl.com\/de\/?s={search_term_string}\"},\"query-input\":{\"@type\":\"PropertyValueSpecification\",\"valueRequired\":true,\"valueName\":\"search_term_string\"}}],\"inLanguage\":\"de\"},{\"@type\":\"Organization\",\"@id\":\"https:\/\/marciorsrl.com\/de\/#organization\",\"name\":\"Marcior S.r.l.\",\"url\":\"https:\/\/marciorsrl.com\/de\/\",\"logo\":{\"@type\":\"ImageObject\",\"inLanguage\":\"de\",\"@id\":\"https:\/\/marciorsrl.com\/de\/#\/schema\/logo\/image\/\",\"url\":\"https:\/\/marciorsrl.com\/wp-content\/uploads\/2018\/11\/marcior-google-my-business-logo.png\",\"contentUrl\":\"https:\/\/marciorsrl.com\/wp-content\/uploads\/2018\/11\/marcior-google-my-business-logo.png\",\"width\":500,\"height\":500,\"caption\":\"Marcior S.r.l.\"},\"image\":{\"@id\":\"https:\/\/marciorsrl.com\/de\/#\/schema\/logo\/image\/\"}}]}<\/script>\n<!-- \/ Yoast SEO plugin. -->","yoast_head_json":{"title":"Doppelte Ebene -LKWs - Anh\u00e4nger mit doppelte Ebbene - Marcior Srl","description":"Doppelte Ebene -LKWs - Anh\u00e4nger mit zwei Ebene- Realisierung von doppelte Ebene-LKWs, Anh\u00e4ngern und Zwei Ebene-Sattelanh\u00e4nger mit XL-Zertifizierung.","robots":{"index":"index","follow":"follow","max-snippet":"max-snippet:-1","max-image-preview":"max-image-preview:large","max-video-preview":"max-video-preview:-1"},"canonical":"https:\/\/marciorsrl.com\/de\/produkte\/doppelboden\/","og_locale":"de_DE","og_type":"article","og_title":"Doppelte Ebene -LKWs - Anh\u00e4nger mit doppelte Ebbene - Marcior Srl","og_description":"Doppelte Ebene -LKWs - Anh\u00e4nger mit zwei Ebene- Realisierung von doppelte Ebene-LKWs, Anh\u00e4ngern und Zwei Ebene-Sattelanh\u00e4nger mit XL-Zertifizierung.","og_url":"https:\/\/marciorsrl.com\/de\/produkte\/doppelboden\/","og_site_name":"Marcior Srl","article_modified_time":"2023-08-24T14:01:04+00:00","og_image":[{"width":1280,"height":720,"url":"https:\/\/marciorsrl.com\/wp-content\/uploads\/2018\/11\/20140418_173509.jpg","type":"image\/jpeg"}],"twitter_card":"summary_large_image","twitter_misc":{"Gesch\u00e4tzte Lesezeit":"1\u00a0Minute"},"schema":{"@context":"https:\/\/schema.org","@graph":[{"@type":"WebPage","@id":"https:\/\/marciorsrl.com\/de\/produkte\/doppelboden\/","url":"https:\/\/marciorsrl.com\/de\/produkte\/doppelboden\/","name":"Doppelte Ebene -LKWs - Anh\u00e4nger mit doppelte Ebbene - Marcior Srl","isPartOf":{"@id":"https:\/\/marciorsrl.com\/de\/#website"},"primaryImageOfPage":{"@id":"https:\/\/marciorsrl.com\/de\/produkte\/doppelboden\/#primaryimage"},"image":{"@id":"https:\/\/marciorsrl.com\/de\/produkte\/doppelboden\/#primaryimage"},"thumbnailUrl":"https:\/\/marciorsrl.com\/wp-content\/uploads\/2018\/11\/20140418_173509.jpg","datePublished":"2020-07-16T10:35:54+00:00","dateModified":"2023-08-24T14:01:04+00:00","description":"Doppelte Ebene -LKWs - Anh\u00e4nger mit zwei Ebene- Realisierung von doppelte Ebene-LKWs, Anh\u00e4ngern und Zwei Ebene-Sattelanh\u00e4nger mit XL-Zertifizierung.","breadcrumb":{"@id":"https:\/\/marciorsrl.com\/de\/produkte\/doppelboden\/#breadcrumb"},"inLanguage":"de","potentialAction":[{"@type":"ReadAction","target":["https:\/\/marciorsrl.com\/de\/produkte\/doppelboden\/"]}]},{"@type":"ImageObject","inLanguage":"de","@id":"https:\/\/marciorsrl.com\/de\/produkte\/doppelboden\/#primaryimage","url":"https:\/\/marciorsrl.com\/wp-content\/uploads\/2018\/11\/20140418_173509.jpg","contentUrl":"https:\/\/marciorsrl.com\/wp-content\/uploads\/2018\/11\/20140418_173509.jpg","width":1280,"height":720,"caption":"Doppelte Ebene-LKWs. Doppelbodenkonstruktion f\u00fcr LKW oder Nutzfahzeugen"},{"@type":"BreadcrumbList","@id":"https:\/\/marciorsrl.com\/de\/produkte\/doppelboden\/#breadcrumb","itemListElement":[{"@type":"ListItem","position":1,"name":"Home","item":"https:\/\/marciorsrl.com\/de\/"},{"@type":"ListItem","position":2,"name":"Produkte","item":"https:\/\/marciorsrl.com\/de\/prodotti\/"},{"@type":"ListItem","position":3,"name":"Doppelte Ebene"}]},{"@type":"WebSite","@id":"https:\/\/marciorsrl.com\/de\/#website","url":"https:\/\/marciorsrl.com\/de\/","name":"Marcior Srl","description":"Carrozzeria industriale - Allestimenti camion e veicoli industriali","publisher":{"@id":"https:\/\/marciorsrl.com\/de\/#organization"},"potentialAction":[{"@type":"SearchAction","target":{"@type":"EntryPoint","urlTemplate":"https:\/\/marciorsrl.com\/de\/?s={search_term_string}"},"query-input":{"@type":"PropertyValueSpecification","valueRequired":true,"valueName":"search_term_string"}}],"inLanguage":"de"},{"@type":"Organization","@id":"https:\/\/marciorsrl.com\/de\/#organization","name":"Marcior S.r.l.","url":"https:\/\/marciorsrl.com\/de\/","logo":{"@type":"ImageObject","inLanguage":"de","@id":"https:\/\/marciorsrl.com\/de\/#\/schema\/logo\/image\/","url":"https:\/\/marciorsrl.com\/wp-content\/uploads\/2018\/11\/marcior-google-my-business-logo.png","contentUrl":"https:\/\/marciorsrl.com\/wp-content\/uploads\/2018\/11\/marcior-google-my-business-logo.png","width":500,"height":500,"caption":"Marcior S.r.l."},"image":{"@id":"https:\/\/marciorsrl.com\/de\/#\/schema\/logo\/image\/"}}]}},"_links":{"self":[{"href":"https:\/\/marciorsrl.com\/de\/wp-json\/wp\/v2\/pages\/1717","targetHints":{"allow":["GET"]}}],"collection":[{"href":"https:\/\/marciorsrl.com\/de\/wp-json\/wp\/v2\/pages"}],"about":[{"href":"https:\/\/marciorsrl.com\/de\/wp-json\/wp\/v2\/types\/page"}],"author":[{"embeddable":true,"href":"https:\/\/marciorsrl.com\/de\/wp-json\/wp\/v2\/users\/1"}],"replies":[{"embeddable":true,"href":"https:\/\/marciorsrl.com\/de\/wp-json\/wp\/v2\/comments?post=1717"}],"version-history":[{"count":0,"href":"https:\/\/marciorsrl.com\/de\/wp-json\/wp\/v2\/pages\/1717\/revisions"}],"up":[{"embeddable":true,"href":"https:\/\/marciorsrl.com\/de\/wp-json\/wp\/v2\/pages\/1709"}],"wp:featuredmedia":[{"embeddable":true,"href":"https:\/\/marciorsrl.com\/de\/wp-json\/wp\/v2\/media\/1648"}],"wp:attachment":[{"href":"https:\/\/marciorsrl.com\/de\/wp-json\/wp\/v2\/media?parent=1717"}],"curies":[{"name":"wp","href":"https:\/\/api.w.org\/{rel}","templated":true}]}}