{"id":1738,"date":"2020-07-16T13:01:18","date_gmt":"2020-07-16T11:01:18","guid":{"rendered":"https:\/\/marciorsrl.com\/produkte\/ausziehbares-dach\/"},"modified":"2023-08-24T15:57:36","modified_gmt":"2023-08-24T13:57:36","slug":"ausziehbares-dach","status":"publish","type":"page","link":"https:\/\/marciorsrl.com\/de\/produkte\/ausziehbares-dach\/","title":{"rendered":"Ausstreckes Dach"},"content":{"rendered":"\t\t<div data-elementor-type=\"wp-post\" data-elementor-id=\"1738\" class=\"elementor elementor-1738 elementor-346\" data-elementor-post-type=\"page\">\n\t\t\t\t\t\t<section class=\"elementor-section elementor-top-section elementor-element elementor-element-6aca056 elementor-section-full_width elementor-section-stretched elementor-section-height-default elementor-section-height-default\" data-id=\"6aca056\" data-element_type=\"section\" data-e-type=\"section\" data-settings=\"{&quot;background_background&quot;:&quot;classic&quot;,&quot;stretch_section&quot;:&quot;section-stretched&quot;}\">\n\t\t\t\t\t\t\t<div class=\"elementor-background-overlay\"><\/div>\n\t\t\t\t\t\t\t<div class=\"elementor-container elementor-column-gap-default\">\n\t\t\t\t\t<div class=\"elementor-column elementor-col-100 elementor-top-column elementor-element elementor-element-425cb5a elementor-invisible\" data-id=\"425cb5a\" data-element_type=\"column\" data-e-type=\"column\" data-settings=\"{&quot;animation&quot;:&quot;slideInUp&quot;}\">\n\t\t\t<div class=\"elementor-widget-wrap elementor-element-populated\">\n\t\t\t\t\t\t<div class=\"elementor-element elementor-element-6bb8c25 elementor-widget elementor-widget-heading\" data-id=\"6bb8c25\" data-element_type=\"widget\" data-e-type=\"widget\" data-settings=\"{&quot;_animation&quot;:&quot;none&quot;}\" data-widget_type=\"heading.default\">\n\t\t\t\t<div class=\"elementor-widget-container\">\n\t\t\t\t\t<h1 class=\"elementor-heading-title elementor-size-default\">Aufbau von ausstreckes Dach f\u00fcr LKW-Halterungen<\/h1>\t\t\t\t<\/div>\n\t\t\t\t<\/div>\n\t\t\t\t\t<\/div>\n\t\t<\/div>\n\t\t\t\t\t<\/div>\n\t\t<\/section>\n\t\t\t\t<section class=\"elementor-section elementor-top-section elementor-element elementor-element-864a73d elementor-section-boxed elementor-section-height-default elementor-section-height-default\" data-id=\"864a73d\" data-element_type=\"section\" data-e-type=\"section\" data-settings=\"{&quot;background_background&quot;:&quot;classic&quot;}\">\n\t\t\t\t\t\t<div class=\"elementor-container elementor-column-gap-default\">\n\t\t\t\t\t<div class=\"elementor-column elementor-col-50 elementor-top-column elementor-element elementor-element-b3ca03a elementor-invisible\" data-id=\"b3ca03a\" data-element_type=\"column\" data-e-type=\"column\" data-settings=\"{&quot;animation&quot;:&quot;slideInUp&quot;}\">\n\t\t\t<div class=\"elementor-widget-wrap elementor-element-populated\">\n\t\t\t\t\t\t<div class=\"elementor-element elementor-element-254bca7 elementor-widget elementor-widget-heading\" data-id=\"254bca7\" data-element_type=\"widget\" data-e-type=\"widget\" data-widget_type=\"heading.default\">\n\t\t\t\t<div class=\"elementor-widget-container\">\n\t\t\t\t\t<h2 class=\"elementor-heading-title elementor-size-default\"> Arten von ausstrecken D\u00e4chern f\u00fcr Nutzfahzeugen<\/h2>\t\t\t\t<\/div>\n\t\t\t\t<\/div>\n\t\t\t\t<div class=\"elementor-element elementor-element-2e1dc26 elementor-widget elementor-widget-text-editor\" data-id=\"2e1dc26\" data-element_type=\"widget\" data-e-type=\"widget\" data-widget_type=\"text-editor.default\">\n\t\t\t\t<div class=\"elementor-widget-container\">\n\t\t\t\t\t\t\t\t\t<p>Das erweiterbare Dachsystem erm\u00f6glicht es, durch doppelte Edelstahlverl\u00e4ngerungen nach dem Schieben des Daches auf der Vorderseite die hinteren St\u00fctzen f\u00fcr das Laden von nicht in Form befindlichen Maschinen von hinten zu verbreitern. Geeignet f\u00fcr den Transport au\u00dfergew\u00f6hnlicher Lasten. Wenn Sie an der Konstruktion eines <strong>ausstreckes Dachs<\/strong> f\u00fcr die HAlterung Ihres LKW oder Industriefahrzeugs interessiert sind, <a href=\"https:\/\/marciorsrl.com\/contatti\/\">kontaktieren<\/a> Sie uns direkt unter unseren Kontaktsdaten.<\/p>\n\t\t\t\t\t\t\t\t<\/div>\n\t\t\t\t<\/div>\n\t\t\t\t<div class=\"elementor-element elementor-element-989622f elementor-align-left elementor-widget elementor-widget-button\" data-id=\"989622f\" data-element_type=\"widget\" data-e-type=\"widget\" data-widget_type=\"button.default\">\n\t\t\t\t<div class=\"elementor-widget-container\">\n\t\t\t\t\t\t\t\t\t<div class=\"elementor-button-wrapper\">\n\t\t\t\t\t<a class=\"elementor-button elementor-button-link elementor-size-md elementor-animation-grow\" href=\"https:\/\/marciorsrl.com\/de\/kontakte\/\">\n\t\t\t\t\t\t<span class=\"elementor-button-content-wrapper\">\n\t\t\t\t\t\t\t\t\t<span class=\"elementor-button-text\">Fordern Sie ein Angebot an<\/span>\n\t\t\t\t\t<\/span>\n\t\t\t\t\t<\/a>\n\t\t\t\t<\/div>\n\t\t\t\t\t\t\t\t<\/div>\n\t\t\t\t<\/div>\n\t\t\t\t\t<\/div>\n\t\t<\/div>\n\t\t\t\t<div class=\"elementor-column elementor-col-50 elementor-top-column elementor-element elementor-element-c7d4438 elementor-invisible\" data-id=\"c7d4438\" data-element_type=\"column\" data-e-type=\"column\" data-settings=\"{&quot;animation&quot;:&quot;slideInUp&quot;,&quot;animation_delay&quot;:250}\">\n\t\t\t<div class=\"elementor-widget-wrap elementor-element-populated\">\n\t\t\t\t\t\t<div class=\"elementor-element elementor-element-b007d23 elementor-align-left elementor-mobile-align-center elementor-widget elementor-widget-breadcrumbs\" data-id=\"b007d23\" data-element_type=\"widget\" data-e-type=\"widget\" data-widget_type=\"breadcrumbs.default\">\n\t\t\t\t<div class=\"elementor-widget-container\">\n\t\t\t\t\t<p id=\"breadcrumbs\"><span><span><a href=\"https:\/\/marciorsrl.com\/de\/\">Home<\/a><\/span><\/span><\/p>\t\t\t\t<\/div>\n\t\t\t\t<\/div>\n\t\t\t\t<div class=\"elementor-element elementor-element-57e978a elementor-arrows-position-inside elementor-pagination-position-outside elementor-widget elementor-widget-image-carousel\" data-id=\"57e978a\" data-element_type=\"widget\" data-e-type=\"widget\" data-settings=\"{&quot;slides_to_show&quot;:&quot;1&quot;,&quot;navigation&quot;:&quot;both&quot;,&quot;autoplay&quot;:&quot;yes&quot;,&quot;pause_on_hover&quot;:&quot;yes&quot;,&quot;pause_on_interaction&quot;:&quot;yes&quot;,&quot;autoplay_speed&quot;:5000,&quot;infinite&quot;:&quot;yes&quot;,&quot;effect&quot;:&quot;slide&quot;,&quot;speed&quot;:500}\" data-widget_type=\"image-carousel.default\">\n\t\t\t\t<div class=\"elementor-widget-container\">\n\t\t\t\t\t\t\t<div class=\"elementor-image-carousel-wrapper swiper\" role=\"region\" aria-roledescription=\"carousel\" aria-label=\"Bild Karussell\" dir=\"ltr\">\n\t\t\t<div class=\"elementor-image-carousel swiper-wrapper\" aria-live=\"off\">\n\t\t\t\t\t\t\t\t<div class=\"swiper-slide\" role=\"group\" aria-roledescription=\"slide\" aria-label=\"1 von 7\"><a data-elementor-open-lightbox=\"yes\" data-elementor-lightbox-slideshow=\"57e978a\" data-elementor-lightbox-title=\"Tetto allargabile per centine dei camion e rimorchi. Allestimenti camion e veicoli industriali\" data-e-action-hash=\"#elementor-action%3Aaction%3Dlightbox%26settings%3DeyJpZCI6NDUzLCJ1cmwiOiJodHRwczpcL1wvbWFyY2lvcnNybC5jb21cL3dwLWNvbnRlbnRcL3VwbG9hZHNcLzIwMThcLzExXC9JTUdfMzM3Mi5qcGciLCJzbGlkZXNob3ciOiI1N2U5NzhhIn0%3D\" href=\"https:\/\/marciorsrl.com\/wp-content\/uploads\/2018\/11\/IMG_3372.jpg\"><figure class=\"swiper-slide-inner\"><img decoding=\"async\" class=\"swiper-slide-image\" src=\"https:\/\/marciorsrl.com\/wp-content\/uploads\/elementor\/thumbs\/IMG_3372-qbwqighnu11xw9ojwjsqfqykezmqby5muqc67lwo8c.jpg\" alt=\"Tetto allargabile per centine dei camion e rimorchi. Allestimenti camion e veicoli industriali\" \/><\/figure><\/a><\/div><div class=\"swiper-slide\" role=\"group\" aria-roledescription=\"slide\" aria-label=\"2 von 7\"><a data-elementor-open-lightbox=\"yes\" data-elementor-lightbox-slideshow=\"57e978a\" data-elementor-lightbox-title=\"Tetto allargabile per centine dei camion e rimorchi. Allestimenti camion e veicoli industriali\" data-e-action-hash=\"#elementor-action%3Aaction%3Dlightbox%26settings%3DeyJpZCI6MzY3LCJ1cmwiOiJodHRwczpcL1wvbWFyY2lvcnNybC5jb21cL3dwLWNvbnRlbnRcL3VwbG9hZHNcLzIwMThcLzExXC8wMjctMS5qcGciLCJzbGlkZXNob3ciOiI1N2U5NzhhIn0%3D\" href=\"https:\/\/marciorsrl.com\/wp-content\/uploads\/2018\/11\/027-1.jpg\"><figure class=\"swiper-slide-inner\"><img decoding=\"async\" class=\"swiper-slide-image\" src=\"https:\/\/marciorsrl.com\/wp-content\/uploads\/elementor\/thumbs\/027-1-qbwqighnu11xw9ojwjsqfqykezmqby5muqc67lwo8c.jpg\" alt=\"Tetto allargabile per centine dei camion e rimorchi. Allestimenti camion e veicoli industriali\" \/><\/figure><\/a><\/div><div class=\"swiper-slide\" role=\"group\" aria-roledescription=\"slide\" aria-label=\"3 von 7\"><a data-elementor-open-lightbox=\"yes\" data-elementor-lightbox-slideshow=\"57e978a\" data-elementor-lightbox-title=\"Tetto allargabile per centine dei camion e rimorchi. Allestimenti camion e veicoli industriali\" data-e-action-hash=\"#elementor-action%3Aaction%3Dlightbox%26settings%3DeyJpZCI6MzYzLCJ1cmwiOiJodHRwczpcL1wvbWFyY2lvcnNybC5jb21cL3dwLWNvbnRlbnRcL3VwbG9hZHNcLzIwMThcLzExXC8wMjMuanBnIiwic2xpZGVzaG93IjoiNTdlOTc4YSJ9\" href=\"https:\/\/marciorsrl.com\/wp-content\/uploads\/2018\/11\/023.jpg\"><figure class=\"swiper-slide-inner\"><img decoding=\"async\" class=\"swiper-slide-image\" src=\"https:\/\/marciorsrl.com\/wp-content\/uploads\/elementor\/thumbs\/023-qbwqighnu11xw9ojwjsqfqykezmqby5muqc67lwo8c.jpg\" alt=\"Tetto allargabile per centine dei camion e rimorchi. Allestimenti camion e veicoli industriali\" \/><\/figure><\/a><\/div><div class=\"swiper-slide\" role=\"group\" aria-roledescription=\"slide\" aria-label=\"4 von 7\"><a data-elementor-open-lightbox=\"yes\" data-elementor-lightbox-slideshow=\"57e978a\" data-elementor-lightbox-title=\"Tetto allargabile per centine dei camion e rimorchi. Allestimenti camion e veicoli industriali\" data-e-action-hash=\"#elementor-action%3Aaction%3Dlightbox%26settings%3DeyJpZCI6MzU4LCJ1cmwiOiJodHRwczpcL1wvbWFyY2lvcnNybC5jb21cL3dwLWNvbnRlbnRcL3VwbG9hZHNcLzIwMThcLzExXC8wMTgtMS5qcGciLCJzbGlkZXNob3ciOiI1N2U5NzhhIn0%3D\" href=\"https:\/\/marciorsrl.com\/wp-content\/uploads\/2018\/11\/018-1.jpg\"><figure class=\"swiper-slide-inner\"><img decoding=\"async\" class=\"swiper-slide-image\" src=\"https:\/\/marciorsrl.com\/wp-content\/uploads\/elementor\/thumbs\/018-1-qbwqighnu11xw9ojwjsqfqykezmqby5muqc67lwo8c.jpg\" alt=\"Tetto allargabile per centine dei camion e rimorchi. Allestimenti camion e veicoli industriali\" \/><\/figure><\/a><\/div><div class=\"swiper-slide\" role=\"group\" aria-roledescription=\"slide\" aria-label=\"5 von 7\"><a data-elementor-open-lightbox=\"yes\" data-elementor-lightbox-slideshow=\"57e978a\" data-elementor-lightbox-title=\"Tetto allargabile per centine dei camion e rimorchi. Allestimenti camion e veicoli industriali\" data-e-action-hash=\"#elementor-action%3Aaction%3Dlightbox%26settings%3DeyJpZCI6MzU0LCJ1cmwiOiJodHRwczpcL1wvbWFyY2lvcnNybC5jb21cL3dwLWNvbnRlbnRcL3VwbG9hZHNcLzIwMThcLzExXC8wMTYtMi0xLmpwZyIsInNsaWRlc2hvdyI6IjU3ZTk3OGEifQ%3D%3D\" href=\"https:\/\/marciorsrl.com\/wp-content\/uploads\/2018\/11\/016-2-1.jpg\"><figure class=\"swiper-slide-inner\"><img decoding=\"async\" class=\"swiper-slide-image\" src=\"https:\/\/marciorsrl.com\/wp-content\/uploads\/elementor\/thumbs\/016-2-1-qbwqighnu11xw9ojwjsqfqykezmqby5muqc67lwo8c.jpg\" alt=\"Tetto allargabile per centine dei camion e rimorchi. Allestimenti camion e veicoli industriali\" \/><\/figure><\/a><\/div><div class=\"swiper-slide\" role=\"group\" aria-roledescription=\"slide\" aria-label=\"6 von 7\"><a data-elementor-open-lightbox=\"yes\" data-elementor-lightbox-slideshow=\"57e978a\" data-elementor-lightbox-title=\"Ausstreckes Dach f\u00fcr LKW- und Anh\u00e4ngershalterungen. Ausstattung von LKW und Nutzfahzeugen\" data-e-action-hash=\"#elementor-action%3Aaction%3Dlightbox%26settings%3DeyJpZCI6MTY1OSwidXJsIjoiaHR0cHM6XC9cL21hcmNpb3JzcmwuY29tXC93cC1jb250ZW50XC91cGxvYWRzXC8yMDE4XC8xMVwvMDEzLmpwZyIsInNsaWRlc2hvdyI6IjU3ZTk3OGEifQ%3D%3D\" href=\"https:\/\/marciorsrl.com\/wp-content\/uploads\/2018\/11\/013.jpg\"><figure class=\"swiper-slide-inner\"><img decoding=\"async\" class=\"swiper-slide-image\" src=\"https:\/\/marciorsrl.com\/wp-content\/uploads\/elementor\/thumbs\/013-qbwqighnu11xw9ojwjsqfqykezmqby5muqc67lwo8c.jpg\" alt=\"Ausziehbares Dach f\u00fcr LKW- und Anh\u00e4ngershalterungen. Ausstattung von LKW und Nutzfahzeugen\" \/><\/figure><\/a><\/div><div class=\"swiper-slide\" role=\"group\" aria-roledescription=\"slide\" aria-label=\"7 von 7\"><a data-elementor-open-lightbox=\"yes\" data-elementor-lightbox-slideshow=\"57e978a\" data-elementor-lightbox-title=\"Tetto allargabile per centine dei camion e rimorchi. Allestimenti camion e veicoli industriali\" data-e-action-hash=\"#elementor-action%3Aaction%3Dlightbox%26settings%3DeyJpZCI6MzUyLCJ1cmwiOiJodHRwczpcL1wvbWFyY2lvcnNybC5jb21cL3dwLWNvbnRlbnRcL3VwbG9hZHNcLzIwMThcLzExXC8wMTQuanBnIiwic2xpZGVzaG93IjoiNTdlOTc4YSJ9\" href=\"https:\/\/marciorsrl.com\/wp-content\/uploads\/2018\/11\/014.jpg\"><figure class=\"swiper-slide-inner\"><img decoding=\"async\" class=\"swiper-slide-image\" src=\"https:\/\/marciorsrl.com\/wp-content\/uploads\/elementor\/thumbs\/014-qbwqighnu11xw9ojwjsqfqykezmqby5muqc67lwo8c.jpg\" alt=\"Tetto allargabile per centine dei camion e rimorchi. Allestimenti camion e veicoli industriali\" \/><\/figure><\/a><\/div>\t\t\t<\/div>\n\t\t\t\t\t\t\t\t\t\t\t\t<div class=\"elementor-swiper-button elementor-swiper-button-prev\" role=\"button\" tabindex=\"0\">\n\t\t\t\t\t\t<i aria-hidden=\"true\" class=\"eicon-chevron-left\"><\/i>\t\t\t\t\t<\/div>\n\t\t\t\t\t<div class=\"elementor-swiper-button elementor-swiper-button-next\" role=\"button\" tabindex=\"0\">\n\t\t\t\t\t\t<i aria-hidden=\"true\" class=\"eicon-chevron-right\"><\/i>\t\t\t\t\t<\/div>\n\t\t\t\t\n\t\t\t\t\t\t\t\t\t<div class=\"swiper-pagination\"><\/div>\n\t\t\t\t\t\t\t\t\t<\/div>\n\t\t\t\t\t\t<\/div>\n\t\t\t\t<\/div>\n\t\t\t\t\t<\/div>\n\t\t<\/div>\n\t\t\t\t\t<\/div>\n\t\t<\/section>\n\t\t\t\t<section class=\"elementor-section elementor-top-section elementor-element elementor-element-4517d8d elementor-section-boxed elementor-section-height-default elementor-section-height-default\" data-id=\"4517d8d\" data-element_type=\"section\" data-e-type=\"section\">\n\t\t\t\t\t\t<div class=\"elementor-container elementor-column-gap-default\">\n\t\t\t\t\t<div class=\"elementor-column elementor-col-100 elementor-top-column elementor-element elementor-element-8609c0c\" data-id=\"8609c0c\" data-element_type=\"column\" data-e-type=\"column\">\n\t\t\t<div class=\"elementor-widget-wrap elementor-element-populated\">\n\t\t\t\t\t\t<div class=\"elementor-element elementor-element-261c0ea1 elementor-widget elementor-widget-heading\" data-id=\"261c0ea1\" data-element_type=\"widget\" data-e-type=\"widget\" data-widget_type=\"heading.default\">\n\t\t\t\t<div class=\"elementor-widget-container\">\n\t\t\t\t\t<h3 class=\"elementor-heading-title elementor-size-default\">Erfahren Sie mehr \u00fcber Marcior - Einrichtung der Nutzfahzeugen<\/h3>\t\t\t\t<\/div>\n\t\t\t\t<\/div>\n\t\t\t\t<div class=\"elementor-element elementor-element-608d7f37 elementor-widget elementor-widget-text-editor\" data-id=\"608d7f37\" data-element_type=\"widget\" data-e-type=\"widget\" data-widget_type=\"text-editor.default\">\n\t\t\t\t<div class=\"elementor-widget-container\">\n\t\t\t\t\t\t\t\t\t<p>Vertrauen Sie Marcior srl von Villafranca di Verona und seiner 30-j\u00e4hrigen Erfahrung in der industriellen Karosserie.<br \/>\nWir k\u00fcmmern uns um die Montage Ihrer LKW- oder Industriefahrzeugrippen. Wir erstellen ma\u00dfgeschneiderte automatisierte D\u00e4cher f\u00fcr Halterungen, Schaufehlen, Lieferwagen und mehr. Alles nach Kundenwunsch gefertigt.<\/p>\n<p>Wir informieren Sie auch dar\u00fcber, dass Marcior Srl &#8211; mit Hauptsitz in der Via Francia, 41 &#8211; 37069 Villafranca di Verona &#8211; Ihnen gerne mitteilt, dass es ab dem 01.10.2008 die EN 12642-XL | h\u00e4lt XL-Zertifizierung f\u00fcr 5 verschiedene Arten von festen und verstellbaren Rippen. Erfahren Sie mehr \u00fcber die <a href=\"https:\/\/marciorsrl.com\/certificazione-xl\/\">XL-Zertifizierung<\/a>.<\/p>\n<p>Entdecken Sie alle <a href=\"https:\/\/marciorsrl.com\/prodotti\/\">unsere Produkte<\/a>, um alle anderen von uns angebotenen Dienstleistungen zu sehen, oder besuchen Sie unsere <a href=\"https:\/\/www.youtube.com\/channel\/UCCM_dMCRkrHtcF-8YKCsxrw\">YouTube-Seite<\/a>, um Videos unserer Umsetzungen anzusehen.<\/p>\n\t\t\t\t\t\t\t\t<\/div>\n\t\t\t\t<\/div>\n\t\t\t\t\t<\/div>\n\t\t<\/div>\n\t\t\t\t\t<\/div>\n\t\t<\/section>\n\t\t\t\t<\/div>\n\t\t","protected":false},"excerpt":{"rendered":"<p>Aufbau von ausstreckes Dach f\u00fcr LKW-Halterungen Arten von ausstrecken D\u00e4chern f\u00fcr Nutzfahzeugen Das erweiterbare Dachsystem erm\u00f6glicht es, durch doppelte Edelstahlverl\u00e4ngerungen nach dem Schieben des Daches auf der Vorderseite die hinteren St\u00fctzen f\u00fcr das Laden von nicht in Form befindlichen Maschinen von hinten zu verbreitern. Geeignet f\u00fcr den Transport au\u00dfergew\u00f6hnlicher Lasten. Wenn Sie an der Konstruktion [&hellip;]<\/p>\n","protected":false},"author":1,"featured_media":1659,"parent":1709,"menu_order":0,"comment_status":"closed","ping_status":"closed","template":"","meta":{"footnotes":""},"class_list":["post-1738","page","type-page","status-publish","has-post-thumbnail","hentry"],"yoast_head":"<!-- This site is optimized with the Yoast SEO plugin v27.0 - https:\/\/yoast.com\/product\/yoast-seo-wordpress\/ -->\n<title>Ausstreckes Dach f\u00fcr die Halterungen von LKW- und Nutzfahzeugen<\/title>\n<meta name=\"description\" content=\"Fahrzeuge mit ausstreckes Dach f\u00fcr LKWsHalterungen. Wir statten Fahrzeuge, LKWs und industrielle Absetztcontainer mit der XL-Zertifizierung aus\" \/>\n<meta name=\"robots\" content=\"index, follow, max-snippet:-1, max-image-preview:large, max-video-preview:-1\" \/>\n<link rel=\"canonical\" href=\"https:\/\/marciorsrl.com\/de\/produkte\/ausziehbares-dach\/\" \/>\n<meta property=\"og:locale\" content=\"de_DE\" \/>\n<meta property=\"og:type\" content=\"article\" \/>\n<meta property=\"og:title\" content=\"Ausstreckes Dach f\u00fcr die Halterungen von LKW- und Nutzfahzeugen\" \/>\n<meta property=\"og:description\" content=\"Fahrzeuge mit ausstreckes Dach f\u00fcr LKWsHalterungen. Wir statten Fahrzeuge, LKWs und industrielle Absetztcontainer mit der XL-Zertifizierung aus\" \/>\n<meta property=\"og:url\" content=\"https:\/\/marciorsrl.com\/de\/produkte\/ausziehbares-dach\/\" \/>\n<meta property=\"og:site_name\" content=\"Marcior Srl\" \/>\n<meta property=\"article:modified_time\" content=\"2023-08-24T13:57:36+00:00\" \/>\n<meta property=\"og:image\" content=\"https:\/\/marciorsrl.com\/wp-content\/uploads\/2018\/11\/013.jpg\" \/>\n\t<meta property=\"og:image:width\" content=\"1280\" \/>\n\t<meta property=\"og:image:height\" content=\"1096\" \/>\n\t<meta property=\"og:image:type\" content=\"image\/jpeg\" \/>\n<meta name=\"twitter:card\" content=\"summary_large_image\" \/>\n<meta name=\"twitter:label1\" content=\"Gesch\u00e4tzte Lesezeit\" \/>\n\t<meta name=\"twitter:data1\" content=\"1\u00a0Minute\" \/>\n<script type=\"application\/ld+json\" class=\"yoast-schema-graph\">{\"@context\":\"https:\/\/schema.org\",\"@graph\":[{\"@type\":\"WebPage\",\"@id\":\"https:\/\/marciorsrl.com\/de\/produkte\/ausziehbares-dach\/\",\"url\":\"https:\/\/marciorsrl.com\/de\/produkte\/ausziehbares-dach\/\",\"name\":\"Ausstreckes Dach f\u00fcr die Halterungen von LKW- und Nutzfahzeugen\",\"isPartOf\":{\"@id\":\"https:\/\/marciorsrl.com\/de\/#website\"},\"primaryImageOfPage\":{\"@id\":\"https:\/\/marciorsrl.com\/de\/produkte\/ausziehbares-dach\/#primaryimage\"},\"image\":{\"@id\":\"https:\/\/marciorsrl.com\/de\/produkte\/ausziehbares-dach\/#primaryimage\"},\"thumbnailUrl\":\"https:\/\/marciorsrl.com\/wp-content\/uploads\/2018\/11\/013.jpg\",\"datePublished\":\"2020-07-16T11:01:18+00:00\",\"dateModified\":\"2023-08-24T13:57:36+00:00\",\"description\":\"Fahrzeuge mit ausstreckes Dach f\u00fcr LKWsHalterungen. Wir statten Fahrzeuge, LKWs und industrielle Absetztcontainer mit der XL-Zertifizierung aus\",\"breadcrumb\":{\"@id\":\"https:\/\/marciorsrl.com\/de\/produkte\/ausziehbares-dach\/#breadcrumb\"},\"inLanguage\":\"de\",\"potentialAction\":[{\"@type\":\"ReadAction\",\"target\":[\"https:\/\/marciorsrl.com\/de\/produkte\/ausziehbares-dach\/\"]}]},{\"@type\":\"ImageObject\",\"inLanguage\":\"de\",\"@id\":\"https:\/\/marciorsrl.com\/de\/produkte\/ausziehbares-dach\/#primaryimage\",\"url\":\"https:\/\/marciorsrl.com\/wp-content\/uploads\/2018\/11\/013.jpg\",\"contentUrl\":\"https:\/\/marciorsrl.com\/wp-content\/uploads\/2018\/11\/013.jpg\",\"width\":1280,\"height\":1096,\"caption\":\"Ausziehbares Dach f\u00fcr LKW- und Anh\u00e4ngershalterungen. Ausstattung von LKW und Nutzfahzeugen\"},{\"@type\":\"BreadcrumbList\",\"@id\":\"https:\/\/marciorsrl.com\/de\/produkte\/ausziehbares-dach\/#breadcrumb\",\"itemListElement\":[{\"@type\":\"ListItem\",\"position\":1,\"name\":\"Home\",\"item\":\"https:\/\/marciorsrl.com\/de\/\"},{\"@type\":\"ListItem\",\"position\":2,\"name\":\"Produkte\",\"item\":\"https:\/\/marciorsrl.com\/de\/prodotti\/\"},{\"@type\":\"ListItem\",\"position\":3,\"name\":\"Ausstreckes Dach\"}]},{\"@type\":\"WebSite\",\"@id\":\"https:\/\/marciorsrl.com\/de\/#website\",\"url\":\"https:\/\/marciorsrl.com\/de\/\",\"name\":\"Marcior Srl\",\"description\":\"Carrozzeria industriale - Allestimenti camion e veicoli industriali\",\"publisher\":{\"@id\":\"https:\/\/marciorsrl.com\/de\/#organization\"},\"potentialAction\":[{\"@type\":\"SearchAction\",\"target\":{\"@type\":\"EntryPoint\",\"urlTemplate\":\"https:\/\/marciorsrl.com\/de\/?s={search_term_string}\"},\"query-input\":{\"@type\":\"PropertyValueSpecification\",\"valueRequired\":true,\"valueName\":\"search_term_string\"}}],\"inLanguage\":\"de\"},{\"@type\":\"Organization\",\"@id\":\"https:\/\/marciorsrl.com\/de\/#organization\",\"name\":\"Marcior S.r.l.\",\"url\":\"https:\/\/marciorsrl.com\/de\/\",\"logo\":{\"@type\":\"ImageObject\",\"inLanguage\":\"de\",\"@id\":\"https:\/\/marciorsrl.com\/de\/#\/schema\/logo\/image\/\",\"url\":\"https:\/\/marciorsrl.com\/wp-content\/uploads\/2018\/11\/marcior-google-my-business-logo.png\",\"contentUrl\":\"https:\/\/marciorsrl.com\/wp-content\/uploads\/2018\/11\/marcior-google-my-business-logo.png\",\"width\":500,\"height\":500,\"caption\":\"Marcior S.r.l.\"},\"image\":{\"@id\":\"https:\/\/marciorsrl.com\/de\/#\/schema\/logo\/image\/\"}}]}<\/script>\n<!-- \/ Yoast SEO plugin. -->","yoast_head_json":{"title":"Ausstreckes Dach f\u00fcr die Halterungen von LKW- und Nutzfahzeugen","description":"Fahrzeuge mit ausstreckes Dach f\u00fcr LKWsHalterungen. Wir statten Fahrzeuge, LKWs und industrielle Absetztcontainer mit der XL-Zertifizierung aus","robots":{"index":"index","follow":"follow","max-snippet":"max-snippet:-1","max-image-preview":"max-image-preview:large","max-video-preview":"max-video-preview:-1"},"canonical":"https:\/\/marciorsrl.com\/de\/produkte\/ausziehbares-dach\/","og_locale":"de_DE","og_type":"article","og_title":"Ausstreckes Dach f\u00fcr die Halterungen von LKW- und Nutzfahzeugen","og_description":"Fahrzeuge mit ausstreckes Dach f\u00fcr LKWsHalterungen. Wir statten Fahrzeuge, LKWs und industrielle Absetztcontainer mit der XL-Zertifizierung aus","og_url":"https:\/\/marciorsrl.com\/de\/produkte\/ausziehbares-dach\/","og_site_name":"Marcior Srl","article_modified_time":"2023-08-24T13:57:36+00:00","og_image":[{"width":1280,"height":1096,"url":"https:\/\/marciorsrl.com\/wp-content\/uploads\/2018\/11\/013.jpg","type":"image\/jpeg"}],"twitter_card":"summary_large_image","twitter_misc":{"Gesch\u00e4tzte Lesezeit":"1\u00a0Minute"},"schema":{"@context":"https:\/\/schema.org","@graph":[{"@type":"WebPage","@id":"https:\/\/marciorsrl.com\/de\/produkte\/ausziehbares-dach\/","url":"https:\/\/marciorsrl.com\/de\/produkte\/ausziehbares-dach\/","name":"Ausstreckes Dach f\u00fcr die Halterungen von LKW- und Nutzfahzeugen","isPartOf":{"@id":"https:\/\/marciorsrl.com\/de\/#website"},"primaryImageOfPage":{"@id":"https:\/\/marciorsrl.com\/de\/produkte\/ausziehbares-dach\/#primaryimage"},"image":{"@id":"https:\/\/marciorsrl.com\/de\/produkte\/ausziehbares-dach\/#primaryimage"},"thumbnailUrl":"https:\/\/marciorsrl.com\/wp-content\/uploads\/2018\/11\/013.jpg","datePublished":"2020-07-16T11:01:18+00:00","dateModified":"2023-08-24T13:57:36+00:00","description":"Fahrzeuge mit ausstreckes Dach f\u00fcr LKWsHalterungen. Wir statten Fahrzeuge, LKWs und industrielle Absetztcontainer mit der XL-Zertifizierung aus","breadcrumb":{"@id":"https:\/\/marciorsrl.com\/de\/produkte\/ausziehbares-dach\/#breadcrumb"},"inLanguage":"de","potentialAction":[{"@type":"ReadAction","target":["https:\/\/marciorsrl.com\/de\/produkte\/ausziehbares-dach\/"]}]},{"@type":"ImageObject","inLanguage":"de","@id":"https:\/\/marciorsrl.com\/de\/produkte\/ausziehbares-dach\/#primaryimage","url":"https:\/\/marciorsrl.com\/wp-content\/uploads\/2018\/11\/013.jpg","contentUrl":"https:\/\/marciorsrl.com\/wp-content\/uploads\/2018\/11\/013.jpg","width":1280,"height":1096,"caption":"Ausziehbares Dach f\u00fcr LKW- und Anh\u00e4ngershalterungen. Ausstattung von LKW und Nutzfahzeugen"},{"@type":"BreadcrumbList","@id":"https:\/\/marciorsrl.com\/de\/produkte\/ausziehbares-dach\/#breadcrumb","itemListElement":[{"@type":"ListItem","position":1,"name":"Home","item":"https:\/\/marciorsrl.com\/de\/"},{"@type":"ListItem","position":2,"name":"Produkte","item":"https:\/\/marciorsrl.com\/de\/prodotti\/"},{"@type":"ListItem","position":3,"name":"Ausstreckes Dach"}]},{"@type":"WebSite","@id":"https:\/\/marciorsrl.com\/de\/#website","url":"https:\/\/marciorsrl.com\/de\/","name":"Marcior Srl","description":"Carrozzeria industriale - Allestimenti camion e veicoli industriali","publisher":{"@id":"https:\/\/marciorsrl.com\/de\/#organization"},"potentialAction":[{"@type":"SearchAction","target":{"@type":"EntryPoint","urlTemplate":"https:\/\/marciorsrl.com\/de\/?s={search_term_string}"},"query-input":{"@type":"PropertyValueSpecification","valueRequired":true,"valueName":"search_term_string"}}],"inLanguage":"de"},{"@type":"Organization","@id":"https:\/\/marciorsrl.com\/de\/#organization","name":"Marcior S.r.l.","url":"https:\/\/marciorsrl.com\/de\/","logo":{"@type":"ImageObject","inLanguage":"de","@id":"https:\/\/marciorsrl.com\/de\/#\/schema\/logo\/image\/","url":"https:\/\/marciorsrl.com\/wp-content\/uploads\/2018\/11\/marcior-google-my-business-logo.png","contentUrl":"https:\/\/marciorsrl.com\/wp-content\/uploads\/2018\/11\/marcior-google-my-business-logo.png","width":500,"height":500,"caption":"Marcior S.r.l."},"image":{"@id":"https:\/\/marciorsrl.com\/de\/#\/schema\/logo\/image\/"}}]}},"_links":{"self":[{"href":"https:\/\/marciorsrl.com\/de\/wp-json\/wp\/v2\/pages\/1738","targetHints":{"allow":["GET"]}}],"collection":[{"href":"https:\/\/marciorsrl.com\/de\/wp-json\/wp\/v2\/pages"}],"about":[{"href":"https:\/\/marciorsrl.com\/de\/wp-json\/wp\/v2\/types\/page"}],"author":[{"embeddable":true,"href":"https:\/\/marciorsrl.com\/de\/wp-json\/wp\/v2\/users\/1"}],"replies":[{"embeddable":true,"href":"https:\/\/marciorsrl.com\/de\/wp-json\/wp\/v2\/comments?post=1738"}],"version-history":[{"count":0,"href":"https:\/\/marciorsrl.com\/de\/wp-json\/wp\/v2\/pages\/1738\/revisions"}],"up":[{"embeddable":true,"href":"https:\/\/marciorsrl.com\/de\/wp-json\/wp\/v2\/pages\/1709"}],"wp:featuredmedia":[{"embeddable":true,"href":"https:\/\/marciorsrl.com\/de\/wp-json\/wp\/v2\/media\/1659"}],"wp:attachment":[{"href":"https:\/\/marciorsrl.com\/de\/wp-json\/wp\/v2\/media?parent=1738"}],"curies":[{"name":"wp","href":"https:\/\/api.w.org\/{rel}","templated":true}]}}