{"id":1744,"date":"2020-07-16T13:12:01","date_gmt":"2020-07-16T11:12:01","guid":{"rendered":"https:\/\/marciorsrl.com\/hydraulikeinheiten-fuer-den-getraenketransport\/"},"modified":"2023-08-24T15:40:39","modified_gmt":"2023-08-24T13:40:39","slug":"hydraulikeinheiten-fuer-den-getraenketransport","status":"publish","type":"page","link":"https:\/\/marciorsrl.com\/de\/hydraulikeinheiten-fuer-den-getraenketransport\/","title":{"rendered":"Hydraulische Halterungen f\u00fcr den Getr\u00e4nketransport"},"content":{"rendered":"\t\t<div data-elementor-type=\"wp-post\" data-elementor-id=\"1744\" class=\"elementor elementor-1744 elementor-601\" data-elementor-post-type=\"page\">\n\t\t\t\t\t\t<section class=\"elementor-section elementor-top-section elementor-element elementor-element-ac0e11c elementor-section-full_width elementor-section-stretched elementor-section-height-default elementor-section-height-default\" data-id=\"ac0e11c\" data-element_type=\"section\" data-e-type=\"section\" data-settings=\"{&quot;background_background&quot;:&quot;classic&quot;,&quot;stretch_section&quot;:&quot;section-stretched&quot;}\">\n\t\t\t\t\t\t\t<div class=\"elementor-background-overlay\"><\/div>\n\t\t\t\t\t\t\t<div class=\"elementor-container elementor-column-gap-default\">\n\t\t\t\t\t<div class=\"elementor-column elementor-col-100 elementor-top-column elementor-element elementor-element-8df386f elementor-invisible\" data-id=\"8df386f\" data-element_type=\"column\" data-e-type=\"column\" data-settings=\"{&quot;animation&quot;:&quot;slideInUp&quot;}\">\n\t\t\t<div class=\"elementor-widget-wrap elementor-element-populated\">\n\t\t\t\t\t\t<div class=\"elementor-element elementor-element-ad893ca elementor-widget elementor-widget-heading\" data-id=\"ad893ca\" data-element_type=\"widget\" data-e-type=\"widget\" data-settings=\"{&quot;_animation&quot;:&quot;none&quot;}\" data-widget_type=\"heading.default\">\n\t\t\t\t<div class=\"elementor-widget-container\">\n\t\t\t\t\t<h1 class=\"elementor-heading-title elementor-size-default\">Hydraulische Halterungen f\u00fcr den Getr\u00e4nketransport<\/h1>\t\t\t\t<\/div>\n\t\t\t\t<\/div>\n\t\t\t\t\t<\/div>\n\t\t<\/div>\n\t\t\t\t\t<\/div>\n\t\t<\/section>\n\t\t\t\t<section class=\"elementor-section elementor-top-section elementor-element elementor-element-f6650bf elementor-section-boxed elementor-section-height-default elementor-section-height-default\" data-id=\"f6650bf\" data-element_type=\"section\" data-e-type=\"section\" data-settings=\"{&quot;background_background&quot;:&quot;classic&quot;}\">\n\t\t\t\t\t\t<div class=\"elementor-container elementor-column-gap-default\">\n\t\t\t\t\t<div class=\"elementor-column elementor-col-50 elementor-top-column elementor-element elementor-element-377b36a elementor-invisible\" data-id=\"377b36a\" data-element_type=\"column\" data-e-type=\"column\" data-settings=\"{&quot;animation&quot;:&quot;slideInUp&quot;}\">\n\t\t\t<div class=\"elementor-widget-wrap elementor-element-populated\">\n\t\t\t\t\t\t<div class=\"elementor-element elementor-element-a894f20 elementor-widget elementor-widget-heading\" data-id=\"a894f20\" data-element_type=\"widget\" data-e-type=\"widget\" data-widget_type=\"heading.default\">\n\t\t\t\t<div class=\"elementor-widget-container\">\n\t\t\t\t\t<h2 class=\"elementor-heading-title elementor-size-default\">AUFBAU VON HYDRAULISCHE HALTERUNGEN F\u00dcR GETR\u00c4NKTRANSPORT<\/h2>\t\t\t\t<\/div>\n\t\t\t\t<\/div>\n\t\t\t\t<div class=\"elementor-element elementor-element-4d1b724 elementor-widget elementor-widget-text-editor\" data-id=\"4d1b724\" data-element_type=\"widget\" data-e-type=\"widget\" data-widget_type=\"text-editor.default\">\n\t\t\t\t<div class=\"elementor-widget-container\">\n\t\t\t\t\t\t\t\t\t<p>Wir schaffen hydraulische Halterungen f\u00fcr den Getr\u00e4nketransport. Wir aufbauen sie auf Zugmaschine, Anh\u00e4nger und Sattelhanh\u00e4nger.<br \/>\nDiese Aufbau ist optimal f\u00fcr den Transport von Getr\u00e4nken und Bierf\u00e4ssern sowie das Be- und Entladen der betreffenden Waren.<\/p>\n<p>Schauen Sie sich unsere Fotogalerie an, um die Fotos unserer neuesten Errungenschaften zu sehen. Entworfen von unseren spezialisierten Mitarbeitern, um die Bed\u00fcrfnisse und W\u00fcnsche unserer Kunden zu erf\u00fcllen.<\/p>\n<p>Aufdecken Sie alle <a href=\"https:\/\/marciorsrl.com\/prodotti\/\">unsere Produkte<\/a>, um alle anderen von uns angebotenen Dienstleistungen zu sehen, oder besuchen Sie unsere <a href=\"https:\/\/www.youtube.com\/channel\/UCCM_dMCRkrHtcF-8YKCsxrw\">YouTube-Seite<\/a>, um Videos unserer Errungenschaften anzusehen.<\/p>\n\t\t\t\t\t\t\t\t<\/div>\n\t\t\t\t<\/div>\n\t\t\t\t<div class=\"elementor-element elementor-element-bb0e113 elementor-align-left elementor-widget elementor-widget-button\" data-id=\"bb0e113\" data-element_type=\"widget\" data-e-type=\"widget\" data-widget_type=\"button.default\">\n\t\t\t\t<div class=\"elementor-widget-container\">\n\t\t\t\t\t\t\t\t\t<div class=\"elementor-button-wrapper\">\n\t\t\t\t\t<a class=\"elementor-button elementor-button-link elementor-size-md elementor-animation-grow\" href=\"https:\/\/marciorsrl.com\/de\/kontakte\/\">\n\t\t\t\t\t\t<span class=\"elementor-button-content-wrapper\">\n\t\t\t\t\t\t\t\t\t<span class=\"elementor-button-text\">ANGEBOTSANFRAGE<\/span>\n\t\t\t\t\t<\/span>\n\t\t\t\t\t<\/a>\n\t\t\t\t<\/div>\n\t\t\t\t\t\t\t\t<\/div>\n\t\t\t\t<\/div>\n\t\t\t\t\t<\/div>\n\t\t<\/div>\n\t\t\t\t<div class=\"elementor-column elementor-col-50 elementor-top-column elementor-element elementor-element-de452f7 elementor-invisible\" data-id=\"de452f7\" data-element_type=\"column\" data-e-type=\"column\" data-settings=\"{&quot;animation&quot;:&quot;slideInUp&quot;,&quot;animation_delay&quot;:250}\">\n\t\t\t<div class=\"elementor-widget-wrap elementor-element-populated\">\n\t\t\t\t\t\t<div class=\"elementor-element elementor-element-31699fa elementor-align-left elementor-mobile-align-center elementor-widget elementor-widget-breadcrumbs\" data-id=\"31699fa\" data-element_type=\"widget\" data-e-type=\"widget\" data-widget_type=\"breadcrumbs.default\">\n\t\t\t\t<div class=\"elementor-widget-container\">\n\t\t\t\t\t<p id=\"breadcrumbs\"><span><span><a href=\"https:\/\/marciorsrl.com\/de\/\">Home<\/a><\/span><\/span><\/p>\t\t\t\t<\/div>\n\t\t\t\t<\/div>\n\t\t\t\t<div class=\"elementor-element elementor-element-fb632c2 elementor-arrows-position-inside elementor-pagination-position-outside elementor-widget elementor-widget-image-carousel\" data-id=\"fb632c2\" data-element_type=\"widget\" data-e-type=\"widget\" data-settings=\"{&quot;slides_to_show&quot;:&quot;1&quot;,&quot;navigation&quot;:&quot;both&quot;,&quot;autoplay&quot;:&quot;yes&quot;,&quot;pause_on_hover&quot;:&quot;yes&quot;,&quot;pause_on_interaction&quot;:&quot;yes&quot;,&quot;autoplay_speed&quot;:5000,&quot;infinite&quot;:&quot;yes&quot;,&quot;effect&quot;:&quot;slide&quot;,&quot;speed&quot;:500}\" data-widget_type=\"image-carousel.default\">\n\t\t\t\t<div class=\"elementor-widget-container\">\n\t\t\t\t\t\t\t<div class=\"elementor-image-carousel-wrapper swiper\" role=\"region\" aria-roledescription=\"carousel\" aria-label=\"Bild Karussell\" dir=\"ltr\">\n\t\t\t<div class=\"elementor-image-carousel swiper-wrapper\" aria-live=\"off\">\n\t\t\t\t\t\t\t\t<div class=\"swiper-slide\" role=\"group\" aria-roledescription=\"slide\" aria-label=\"1 von 7\"><a data-elementor-open-lightbox=\"yes\" data-elementor-lightbox-slideshow=\"fb632c2\" data-elementor-lightbox-title=\"Vorbereitung von Hydraulikrippen f\u00fcr den Transport von Getr\u00e4nken f\u00fcr Lastkraftwagen und Industriefahrzeuge.\" data-e-action-hash=\"#elementor-action%3Aaction%3Dlightbox%26settings%3DeyJpZCI6MTY0MCwidXJsIjoiaHR0cHM6XC9cL21hcmNpb3JzcmwuY29tXC93cC1jb250ZW50XC91cGxvYWRzXC8yMDE5XC8wM1wvY2VudGluYS1pZHJhdWxpY2EtcGVyLXRyYXNwb3J0by1iZXZhbmRlLTAwNy5qcGciLCJzbGlkZXNob3ciOiJmYjYzMmMyIn0%3D\" href=\"https:\/\/marciorsrl.com\/wp-content\/uploads\/2019\/03\/centina-idraulica-per-trasporto-bevande-007.jpg\"><figure class=\"swiper-slide-inner\"><img decoding=\"async\" class=\"swiper-slide-image\" src=\"https:\/\/marciorsrl.com\/wp-content\/uploads\/elementor\/thumbs\/centina-idraulica-per-trasporto-bevande-007-qbwqihfi0v387vn6r27d08q10di3jn9d6uznovva24.jpg\" alt=\"Vorbereitung von Hydraulikrippen f\u00fcr den Transport von Getr\u00e4nken f\u00fcr Lastkraftwagen und Industriefahrzeuge.\" \/><\/figure><\/a><\/div><div class=\"swiper-slide\" role=\"group\" aria-roledescription=\"slide\" aria-label=\"2 von 7\"><a data-elementor-open-lightbox=\"yes\" data-elementor-lightbox-slideshow=\"fb632c2\" data-elementor-lightbox-title=\"Allestimento centine idrauliche per camion e veicoli industriali che trasportano bevande\" data-e-action-hash=\"#elementor-action%3Aaction%3Dlightbox%26settings%3DeyJpZCI6NjA5LCJ1cmwiOiJodHRwczpcL1wvbWFyY2lvcnNybC5jb21cL3dwLWNvbnRlbnRcL3VwbG9hZHNcLzIwMTlcLzAzXC9jZW50aW5hLWlkcmF1bGljYS1wZXItdHJhc3BvcnRvLWJldmFuZGUtMDA2LmpwZyIsInNsaWRlc2hvdyI6ImZiNjMyYzIifQ%3D%3D\" href=\"https:\/\/marciorsrl.com\/wp-content\/uploads\/2019\/03\/centina-idraulica-per-trasporto-bevande-006.jpg\"><figure class=\"swiper-slide-inner\"><img decoding=\"async\" class=\"swiper-slide-image\" src=\"https:\/\/marciorsrl.com\/wp-content\/uploads\/elementor\/thumbs\/centina-idraulica-per-trasporto-bevande-006-qbwqihfi0v387vn6r27d08q10di3jn9d6uznovva24.jpg\" alt=\"Allestimento centine idrauliche per camion e veicoli industriali che trasportano bevande\" \/><\/figure><\/a><\/div><div class=\"swiper-slide\" role=\"group\" aria-roledescription=\"slide\" aria-label=\"3 von 7\"><a data-elementor-open-lightbox=\"yes\" data-elementor-lightbox-slideshow=\"fb632c2\" data-elementor-lightbox-title=\"Allestimento centine idrauliche per camion e veicoli industriali che trasportano bevande\" data-e-action-hash=\"#elementor-action%3Aaction%3Dlightbox%26settings%3DeyJpZCI6NjA4LCJ1cmwiOiJodHRwczpcL1wvbWFyY2lvcnNybC5jb21cL3dwLWNvbnRlbnRcL3VwbG9hZHNcLzIwMTlcLzAzXC9jZW50aW5hLWlkcmF1bGljYS1wZXItdHJhc3BvcnRvLWJldmFuZGUtMDA1LmpwZyIsInNsaWRlc2hvdyI6ImZiNjMyYzIifQ%3D%3D\" href=\"https:\/\/marciorsrl.com\/wp-content\/uploads\/2019\/03\/centina-idraulica-per-trasporto-bevande-005.jpg\"><figure class=\"swiper-slide-inner\"><img decoding=\"async\" class=\"swiper-slide-image\" src=\"https:\/\/marciorsrl.com\/wp-content\/uploads\/elementor\/thumbs\/centina-idraulica-per-trasporto-bevande-005-qbwqihfi0v387vn6r27d08q10di3jn9d6uznovva24.jpg\" alt=\"Allestimento centine idrauliche per camion e veicoli industriali che trasportano bevande\" \/><\/figure><\/a><\/div><div class=\"swiper-slide\" role=\"group\" aria-roledescription=\"slide\" aria-label=\"4 von 7\"><a data-elementor-open-lightbox=\"yes\" data-elementor-lightbox-slideshow=\"fb632c2\" data-elementor-lightbox-title=\"Allestimento centine idrauliche per camion e veicoli industriali che trasportano bevande\" data-e-action-hash=\"#elementor-action%3Aaction%3Dlightbox%26settings%3DeyJpZCI6NjA3LCJ1cmwiOiJodHRwczpcL1wvbWFyY2lvcnNybC5jb21cL3dwLWNvbnRlbnRcL3VwbG9hZHNcLzIwMTlcLzAzXC9jZW50aW5hLWlkcmF1bGljYS1wZXItdHJhc3BvcnRvLWJldmFuZGUtMDA0LmpwZyIsInNsaWRlc2hvdyI6ImZiNjMyYzIifQ%3D%3D\" href=\"https:\/\/marciorsrl.com\/wp-content\/uploads\/2019\/03\/centina-idraulica-per-trasporto-bevande-004.jpg\"><figure class=\"swiper-slide-inner\"><img decoding=\"async\" class=\"swiper-slide-image\" src=\"https:\/\/marciorsrl.com\/wp-content\/uploads\/elementor\/thumbs\/centina-idraulica-per-trasporto-bevande-004-qbwqihfi0v387vn6r27d08q10di3jn9d6uznovva24.jpg\" alt=\"Allestimento centine idrauliche per camion e veicoli industriali che trasportano bevande\" \/><\/figure><\/a><\/div><div class=\"swiper-slide\" role=\"group\" aria-roledescription=\"slide\" aria-label=\"5 von 7\"><a data-elementor-open-lightbox=\"yes\" data-elementor-lightbox-slideshow=\"fb632c2\" data-elementor-lightbox-title=\"Allestimento centine idrauliche per camion e veicoli industriali che trasportano bevande\" data-e-action-hash=\"#elementor-action%3Aaction%3Dlightbox%26settings%3DeyJpZCI6NjA2LCJ1cmwiOiJodHRwczpcL1wvbWFyY2lvcnNybC5jb21cL3dwLWNvbnRlbnRcL3VwbG9hZHNcLzIwMTlcLzAzXC9jZW50aW5hLWlkcmF1bGljYS1wZXItdHJhc3BvcnRvLWJldmFuZGUtMDAzLmpwZyIsInNsaWRlc2hvdyI6ImZiNjMyYzIifQ%3D%3D\" href=\"https:\/\/marciorsrl.com\/wp-content\/uploads\/2019\/03\/centina-idraulica-per-trasporto-bevande-003.jpg\"><figure class=\"swiper-slide-inner\"><img decoding=\"async\" class=\"swiper-slide-image\" src=\"https:\/\/marciorsrl.com\/wp-content\/uploads\/elementor\/thumbs\/centina-idraulica-per-trasporto-bevande-003-qbwqihfi0v387vn6r27d08q10di3jn9d6uznovva24.jpg\" alt=\"Allestimento centine idrauliche per camion e veicoli industriali che trasportano bevande\" \/><\/figure><\/a><\/div><div class=\"swiper-slide\" role=\"group\" aria-roledescription=\"slide\" aria-label=\"6 von 7\"><a data-elementor-open-lightbox=\"yes\" data-elementor-lightbox-slideshow=\"fb632c2\" data-elementor-lightbox-title=\"Allestimento centine idrauliche per camion e veicoli industriali che trasportano bevande\" data-e-action-hash=\"#elementor-action%3Aaction%3Dlightbox%26settings%3DeyJpZCI6NjA1LCJ1cmwiOiJodHRwczpcL1wvbWFyY2lvcnNybC5jb21cL3dwLWNvbnRlbnRcL3VwbG9hZHNcLzIwMTlcLzAzXC9jZW50aW5hLWlkcmF1bGljYS1wZXItdHJhc3BvcnRvLWJldmFuZGUtMDAyLmpwZyIsInNsaWRlc2hvdyI6ImZiNjMyYzIifQ%3D%3D\" href=\"https:\/\/marciorsrl.com\/wp-content\/uploads\/2019\/03\/centina-idraulica-per-trasporto-bevande-002.jpg\"><figure class=\"swiper-slide-inner\"><img decoding=\"async\" class=\"swiper-slide-image\" src=\"https:\/\/marciorsrl.com\/wp-content\/uploads\/elementor\/thumbs\/centina-idraulica-per-trasporto-bevande-002-qbwqihfi0v387vn6r27d08q10di3jn9d6uznovva24.jpg\" alt=\"Allestimento centine idrauliche per camion e veicoli industriali che trasportano bevande\" \/><\/figure><\/a><\/div><div class=\"swiper-slide\" role=\"group\" aria-roledescription=\"slide\" aria-label=\"7 von 7\"><a data-elementor-open-lightbox=\"yes\" data-elementor-lightbox-slideshow=\"fb632c2\" data-elementor-lightbox-title=\"Allestimento centine idrauliche per camion e veicoli industriali che trasportano bevande\" data-e-action-hash=\"#elementor-action%3Aaction%3Dlightbox%26settings%3DeyJpZCI6NjA0LCJ1cmwiOiJodHRwczpcL1wvbWFyY2lvcnNybC5jb21cL3dwLWNvbnRlbnRcL3VwbG9hZHNcLzIwMTlcLzAzXC9jZW50aW5hLWlkcmF1bGljYS1wZXItdHJhc3BvcnRvLWJldmFuZGUtMDAxLmpwZyIsInNsaWRlc2hvdyI6ImZiNjMyYzIifQ%3D%3D\" href=\"https:\/\/marciorsrl.com\/wp-content\/uploads\/2019\/03\/centina-idraulica-per-trasporto-bevande-001.jpg\"><figure class=\"swiper-slide-inner\"><img decoding=\"async\" class=\"swiper-slide-image\" src=\"https:\/\/marciorsrl.com\/wp-content\/uploads\/elementor\/thumbs\/centina-idraulica-per-trasporto-bevande-001-qbwqihfi0v387vn6r27d08q10di3jn9d6uznovva24.jpg\" alt=\"Allestimento centine idrauliche per camion e veicoli industriali che trasportano bevande\" \/><\/figure><\/a><\/div>\t\t\t<\/div>\n\t\t\t\t\t\t\t\t\t\t\t\t<div class=\"elementor-swiper-button elementor-swiper-button-prev\" role=\"button\" tabindex=\"0\">\n\t\t\t\t\t\t<i aria-hidden=\"true\" class=\"eicon-chevron-left\"><\/i>\t\t\t\t\t<\/div>\n\t\t\t\t\t<div class=\"elementor-swiper-button elementor-swiper-button-next\" role=\"button\" tabindex=\"0\">\n\t\t\t\t\t\t<i aria-hidden=\"true\" class=\"eicon-chevron-right\"><\/i>\t\t\t\t\t<\/div>\n\t\t\t\t\n\t\t\t\t\t\t\t\t\t<div class=\"swiper-pagination\"><\/div>\n\t\t\t\t\t\t\t\t\t<\/div>\n\t\t\t\t\t\t<\/div>\n\t\t\t\t<\/div>\n\t\t\t\t\t<\/div>\n\t\t<\/div>\n\t\t\t\t\t<\/div>\n\t\t<\/section>\n\t\t\t\t<\/div>\n\t\t","protected":false},"excerpt":{"rendered":"<p>Hydraulische Halterungen f\u00fcr den Getr\u00e4nketransport AUFBAU VON HYDRAULISCHE HALTERUNGEN F\u00dcR GETR\u00c4NKTRANSPORT Wir schaffen hydraulische Halterungen f\u00fcr den Getr\u00e4nketransport. Wir aufbauen sie auf Zugmaschine, Anh\u00e4nger und Sattelhanh\u00e4nger. Diese Aufbau ist optimal f\u00fcr den Transport von Getr\u00e4nken und Bierf\u00e4ssern sowie das Be- und Entladen der betreffenden Waren. Schauen Sie sich unsere Fotogalerie an, um die Fotos unserer [&hellip;]<\/p>\n","protected":false},"author":1,"featured_media":1640,"parent":0,"menu_order":0,"comment_status":"closed","ping_status":"closed","template":"","meta":{"footnotes":""},"class_list":["post-1744","page","type-page","status-publish","has-post-thumbnail","hentry"],"yoast_head":"<!-- This site is optimized with the Yoast SEO plugin v27.0 - https:\/\/yoast.com\/product\/yoast-seo-wordpress\/ -->\n<title>Hydraulische Halterungen f\u00fcr den Getr\u00e4nketransport f\u00fcr LKW und Fahrzeuge<\/title>\n<meta name=\"description\" content=\"Wir stellen hydrauliche Halterungen f\u00fcr den Getr\u00e4nketransport f\u00fcr LKW und Industriefahrzeuge, die sich mit dieser Typologie von Befoerderung befassen.\" \/>\n<meta name=\"robots\" content=\"index, follow, max-snippet:-1, max-image-preview:large, max-video-preview:-1\" \/>\n<link rel=\"canonical\" href=\"https:\/\/marciorsrl.com\/de\/hydraulikeinheiten-fuer-den-getraenketransport\/\" \/>\n<meta property=\"og:locale\" content=\"de_DE\" \/>\n<meta property=\"og:type\" content=\"article\" \/>\n<meta property=\"og:title\" content=\"Hydraulische Halterungen f\u00fcr den Getr\u00e4nketransport f\u00fcr LKW und Fahrzeuge\" \/>\n<meta property=\"og:description\" content=\"Wir stellen hydrauliche Halterungen f\u00fcr den Getr\u00e4nketransport f\u00fcr LKW und Industriefahrzeuge, die sich mit dieser Typologie von Befoerderung befassen.\" \/>\n<meta property=\"og:url\" content=\"https:\/\/marciorsrl.com\/de\/hydraulikeinheiten-fuer-den-getraenketransport\/\" \/>\n<meta property=\"og:site_name\" content=\"Marcior Srl\" \/>\n<meta property=\"article:modified_time\" content=\"2023-08-24T13:40:39+00:00\" \/>\n<meta property=\"og:image\" content=\"https:\/\/marciorsrl.com\/wp-content\/uploads\/2019\/03\/centina-idraulica-per-trasporto-bevande-007.jpg\" \/>\n\t<meta property=\"og:image:width\" content=\"1280\" \/>\n\t<meta property=\"og:image:height\" content=\"960\" \/>\n\t<meta property=\"og:image:type\" content=\"image\/jpeg\" \/>\n<meta name=\"twitter:card\" content=\"summary_large_image\" \/>\n<meta name=\"twitter:label1\" content=\"Gesch\u00e4tzte Lesezeit\" \/>\n\t<meta name=\"twitter:data1\" content=\"1\u00a0Minute\" \/>\n<script type=\"application\/ld+json\" class=\"yoast-schema-graph\">{\"@context\":\"https:\/\/schema.org\",\"@graph\":[{\"@type\":\"WebPage\",\"@id\":\"https:\/\/marciorsrl.com\/de\/hydraulikeinheiten-fuer-den-getraenketransport\/\",\"url\":\"https:\/\/marciorsrl.com\/de\/hydraulikeinheiten-fuer-den-getraenketransport\/\",\"name\":\"Hydraulische Halterungen f\u00fcr den Getr\u00e4nketransport f\u00fcr LKW und Fahrzeuge\",\"isPartOf\":{\"@id\":\"https:\/\/marciorsrl.com\/de\/#website\"},\"primaryImageOfPage\":{\"@id\":\"https:\/\/marciorsrl.com\/de\/hydraulikeinheiten-fuer-den-getraenketransport\/#primaryimage\"},\"image\":{\"@id\":\"https:\/\/marciorsrl.com\/de\/hydraulikeinheiten-fuer-den-getraenketransport\/#primaryimage\"},\"thumbnailUrl\":\"https:\/\/marciorsrl.com\/wp-content\/uploads\/2019\/03\/centina-idraulica-per-trasporto-bevande-007.jpg\",\"datePublished\":\"2020-07-16T11:12:01+00:00\",\"dateModified\":\"2023-08-24T13:40:39+00:00\",\"description\":\"Wir stellen hydrauliche Halterungen f\u00fcr den Getr\u00e4nketransport f\u00fcr LKW und Industriefahrzeuge, die sich mit dieser Typologie von Befoerderung befassen.\",\"breadcrumb\":{\"@id\":\"https:\/\/marciorsrl.com\/de\/hydraulikeinheiten-fuer-den-getraenketransport\/#breadcrumb\"},\"inLanguage\":\"de\",\"potentialAction\":[{\"@type\":\"ReadAction\",\"target\":[\"https:\/\/marciorsrl.com\/de\/hydraulikeinheiten-fuer-den-getraenketransport\/\"]}]},{\"@type\":\"ImageObject\",\"inLanguage\":\"de\",\"@id\":\"https:\/\/marciorsrl.com\/de\/hydraulikeinheiten-fuer-den-getraenketransport\/#primaryimage\",\"url\":\"https:\/\/marciorsrl.com\/wp-content\/uploads\/2019\/03\/centina-idraulica-per-trasporto-bevande-007.jpg\",\"contentUrl\":\"https:\/\/marciorsrl.com\/wp-content\/uploads\/2019\/03\/centina-idraulica-per-trasporto-bevande-007.jpg\",\"width\":1280,\"height\":960,\"caption\":\"Vorbereitung von Hydraulikrippen f\u00fcr den Transport von Getr\u00e4nken f\u00fcr Lastkraftwagen und Industriefahrzeuge.\"},{\"@type\":\"BreadcrumbList\",\"@id\":\"https:\/\/marciorsrl.com\/de\/hydraulikeinheiten-fuer-den-getraenketransport\/#breadcrumb\",\"itemListElement\":[{\"@type\":\"ListItem\",\"position\":1,\"name\":\"Home\",\"item\":\"https:\/\/marciorsrl.com\/de\/\"},{\"@type\":\"ListItem\",\"position\":2,\"name\":\"Hydraulische Halterungen f\u00fcr den Getr\u00e4nketransport\"}]},{\"@type\":\"WebSite\",\"@id\":\"https:\/\/marciorsrl.com\/de\/#website\",\"url\":\"https:\/\/marciorsrl.com\/de\/\",\"name\":\"Marcior Srl\",\"description\":\"Carrozzeria industriale - Allestimenti camion e veicoli industriali\",\"publisher\":{\"@id\":\"https:\/\/marciorsrl.com\/de\/#organization\"},\"potentialAction\":[{\"@type\":\"SearchAction\",\"target\":{\"@type\":\"EntryPoint\",\"urlTemplate\":\"https:\/\/marciorsrl.com\/de\/?s={search_term_string}\"},\"query-input\":{\"@type\":\"PropertyValueSpecification\",\"valueRequired\":true,\"valueName\":\"search_term_string\"}}],\"inLanguage\":\"de\"},{\"@type\":\"Organization\",\"@id\":\"https:\/\/marciorsrl.com\/de\/#organization\",\"name\":\"Marcior S.r.l.\",\"url\":\"https:\/\/marciorsrl.com\/de\/\",\"logo\":{\"@type\":\"ImageObject\",\"inLanguage\":\"de\",\"@id\":\"https:\/\/marciorsrl.com\/de\/#\/schema\/logo\/image\/\",\"url\":\"https:\/\/marciorsrl.com\/wp-content\/uploads\/2018\/11\/marcior-google-my-business-logo.png\",\"contentUrl\":\"https:\/\/marciorsrl.com\/wp-content\/uploads\/2018\/11\/marcior-google-my-business-logo.png\",\"width\":500,\"height\":500,\"caption\":\"Marcior S.r.l.\"},\"image\":{\"@id\":\"https:\/\/marciorsrl.com\/de\/#\/schema\/logo\/image\/\"}}]}<\/script>\n<!-- \/ Yoast SEO plugin. -->","yoast_head_json":{"title":"Hydraulische Halterungen f\u00fcr den Getr\u00e4nketransport f\u00fcr LKW und Fahrzeuge","description":"Wir stellen hydrauliche Halterungen f\u00fcr den Getr\u00e4nketransport f\u00fcr LKW und Industriefahrzeuge, die sich mit dieser Typologie von Befoerderung befassen.","robots":{"index":"index","follow":"follow","max-snippet":"max-snippet:-1","max-image-preview":"max-image-preview:large","max-video-preview":"max-video-preview:-1"},"canonical":"https:\/\/marciorsrl.com\/de\/hydraulikeinheiten-fuer-den-getraenketransport\/","og_locale":"de_DE","og_type":"article","og_title":"Hydraulische Halterungen f\u00fcr den Getr\u00e4nketransport f\u00fcr LKW und Fahrzeuge","og_description":"Wir stellen hydrauliche Halterungen f\u00fcr den Getr\u00e4nketransport f\u00fcr LKW und Industriefahrzeuge, die sich mit dieser Typologie von Befoerderung befassen.","og_url":"https:\/\/marciorsrl.com\/de\/hydraulikeinheiten-fuer-den-getraenketransport\/","og_site_name":"Marcior Srl","article_modified_time":"2023-08-24T13:40:39+00:00","og_image":[{"width":1280,"height":960,"url":"https:\/\/marciorsrl.com\/wp-content\/uploads\/2019\/03\/centina-idraulica-per-trasporto-bevande-007.jpg","type":"image\/jpeg"}],"twitter_card":"summary_large_image","twitter_misc":{"Gesch\u00e4tzte Lesezeit":"1\u00a0Minute"},"schema":{"@context":"https:\/\/schema.org","@graph":[{"@type":"WebPage","@id":"https:\/\/marciorsrl.com\/de\/hydraulikeinheiten-fuer-den-getraenketransport\/","url":"https:\/\/marciorsrl.com\/de\/hydraulikeinheiten-fuer-den-getraenketransport\/","name":"Hydraulische Halterungen f\u00fcr den Getr\u00e4nketransport f\u00fcr LKW und Fahrzeuge","isPartOf":{"@id":"https:\/\/marciorsrl.com\/de\/#website"},"primaryImageOfPage":{"@id":"https:\/\/marciorsrl.com\/de\/hydraulikeinheiten-fuer-den-getraenketransport\/#primaryimage"},"image":{"@id":"https:\/\/marciorsrl.com\/de\/hydraulikeinheiten-fuer-den-getraenketransport\/#primaryimage"},"thumbnailUrl":"https:\/\/marciorsrl.com\/wp-content\/uploads\/2019\/03\/centina-idraulica-per-trasporto-bevande-007.jpg","datePublished":"2020-07-16T11:12:01+00:00","dateModified":"2023-08-24T13:40:39+00:00","description":"Wir stellen hydrauliche Halterungen f\u00fcr den Getr\u00e4nketransport f\u00fcr LKW und Industriefahrzeuge, die sich mit dieser Typologie von Befoerderung befassen.","breadcrumb":{"@id":"https:\/\/marciorsrl.com\/de\/hydraulikeinheiten-fuer-den-getraenketransport\/#breadcrumb"},"inLanguage":"de","potentialAction":[{"@type":"ReadAction","target":["https:\/\/marciorsrl.com\/de\/hydraulikeinheiten-fuer-den-getraenketransport\/"]}]},{"@type":"ImageObject","inLanguage":"de","@id":"https:\/\/marciorsrl.com\/de\/hydraulikeinheiten-fuer-den-getraenketransport\/#primaryimage","url":"https:\/\/marciorsrl.com\/wp-content\/uploads\/2019\/03\/centina-idraulica-per-trasporto-bevande-007.jpg","contentUrl":"https:\/\/marciorsrl.com\/wp-content\/uploads\/2019\/03\/centina-idraulica-per-trasporto-bevande-007.jpg","width":1280,"height":960,"caption":"Vorbereitung von Hydraulikrippen f\u00fcr den Transport von Getr\u00e4nken f\u00fcr Lastkraftwagen und Industriefahrzeuge."},{"@type":"BreadcrumbList","@id":"https:\/\/marciorsrl.com\/de\/hydraulikeinheiten-fuer-den-getraenketransport\/#breadcrumb","itemListElement":[{"@type":"ListItem","position":1,"name":"Home","item":"https:\/\/marciorsrl.com\/de\/"},{"@type":"ListItem","position":2,"name":"Hydraulische Halterungen f\u00fcr den Getr\u00e4nketransport"}]},{"@type":"WebSite","@id":"https:\/\/marciorsrl.com\/de\/#website","url":"https:\/\/marciorsrl.com\/de\/","name":"Marcior Srl","description":"Carrozzeria industriale - Allestimenti camion e veicoli industriali","publisher":{"@id":"https:\/\/marciorsrl.com\/de\/#organization"},"potentialAction":[{"@type":"SearchAction","target":{"@type":"EntryPoint","urlTemplate":"https:\/\/marciorsrl.com\/de\/?s={search_term_string}"},"query-input":{"@type":"PropertyValueSpecification","valueRequired":true,"valueName":"search_term_string"}}],"inLanguage":"de"},{"@type":"Organization","@id":"https:\/\/marciorsrl.com\/de\/#organization","name":"Marcior S.r.l.","url":"https:\/\/marciorsrl.com\/de\/","logo":{"@type":"ImageObject","inLanguage":"de","@id":"https:\/\/marciorsrl.com\/de\/#\/schema\/logo\/image\/","url":"https:\/\/marciorsrl.com\/wp-content\/uploads\/2018\/11\/marcior-google-my-business-logo.png","contentUrl":"https:\/\/marciorsrl.com\/wp-content\/uploads\/2018\/11\/marcior-google-my-business-logo.png","width":500,"height":500,"caption":"Marcior S.r.l."},"image":{"@id":"https:\/\/marciorsrl.com\/de\/#\/schema\/logo\/image\/"}}]}},"_links":{"self":[{"href":"https:\/\/marciorsrl.com\/de\/wp-json\/wp\/v2\/pages\/1744","targetHints":{"allow":["GET"]}}],"collection":[{"href":"https:\/\/marciorsrl.com\/de\/wp-json\/wp\/v2\/pages"}],"about":[{"href":"https:\/\/marciorsrl.com\/de\/wp-json\/wp\/v2\/types\/page"}],"author":[{"embeddable":true,"href":"https:\/\/marciorsrl.com\/de\/wp-json\/wp\/v2\/users\/1"}],"replies":[{"embeddable":true,"href":"https:\/\/marciorsrl.com\/de\/wp-json\/wp\/v2\/comments?post=1744"}],"version-history":[{"count":0,"href":"https:\/\/marciorsrl.com\/de\/wp-json\/wp\/v2\/pages\/1744\/revisions"}],"wp:featuredmedia":[{"embeddable":true,"href":"https:\/\/marciorsrl.com\/de\/wp-json\/wp\/v2\/media\/1640"}],"wp:attachment":[{"href":"https:\/\/marciorsrl.com\/de\/wp-json\/wp\/v2\/media?parent=1744"}],"curies":[{"name":"wp","href":"https:\/\/api.w.org\/{rel}","templated":true}]}}